{"id":10524,"date":"2024-09-25T23:17:55","date_gmt":"2024-09-25T23:17:55","guid":{"rendered":"https:\/\/eltiosam.com.mx\/?post_type=product&#038;p=10524"},"modified":"2024-09-25T23:19:53","modified_gmt":"2024-09-25T23:19:53","slug":"mezcla-alta-presion-elkay-lkha1041ls","status":"publish","type":"product","link":"https:\/\/eltiosam.com.mx\/index.php\/product\/mezcla-alta-presion-elkay-lkha1041ls\/","title":{"rendered":"MEZCLA. ALTA PRESION ELKAY LKHA1041LS"},"content":{"rendered":"<p><strong>Descripci\u00f3n:<\/strong><\/p>\n<p>La mezcladora Elkay LKHA1041LS de alta presi\u00f3n es la opci\u00f3n perfecta para quienes buscan un grifo compacto pero altamente funcional y elegante. Su acabado en acero inoxidable satinado le da un toque moderno y f\u00e1cil de mantener, mientras que su dise\u00f1o de cuello bajo se adapta perfectamente a cocinas con espacios reducidos. Con su boquilla giratoria y manija \u00fanica, esta mezcladora es una combinaci\u00f3n de estilo, eficiencia y comodidad.<\/p>\n","protected":false},"excerpt":{"rendered":"<p>Descripci\u00f3n: La mezcladora Elkay LKHA1041LS de alta presi\u00f3n es la opci\u00f3n perfecta para quienes buscan un grifo compacto pero altamente funcional y elegante. Su acabado en acero inoxidable satinado le da un toque moderno y f\u00e1cil de mantener, mientras que su dise\u00f1o de cuello bajo se adapta perfectamente a cocinas con espacios reducidos. Con su [&hellip;]<\/p>\n","protected":false},"featured_media":10525,"template":"","meta":{"_joinchat":[]},"product_brand":[],"product_cat":[183,42],"product_tag":[49],"class_list":{"0":"post-10524","1":"product","2":"type-product","3":"status-publish","4":"has-post-thumbnail","6":"product_cat-mezcladoras","7":"product_cat-varios","8":"product_tag-elkay","10":"first","11":"instock","12":"shipping-taxable","13":"product-type-simple"},"_links":{"self":[{"href":"https:\/\/eltiosam.com.mx\/index.php\/wp-json\/wp\/v2\/product\/10524","targetHints":{"allow":["GET"]}}],"collection":[{"href":"https:\/\/eltiosam.com.mx\/index.php\/wp-json\/wp\/v2\/product"}],"about":[{"href":"https:\/\/eltiosam.com.mx\/index.php\/wp-json\/wp\/v2\/types\/product"}],"wp:featuredmedia":[{"embeddable":true,"href":"https:\/\/eltiosam.com.mx\/index.php\/wp-json\/wp\/v2\/media\/10525"}],"wp:attachment":[{"href":"https:\/\/eltiosam.com.mx\/index.php\/wp-json\/wp\/v2\/media?parent=10524"}],"wp:term":[{"taxonomy":"product_brand","embeddable":true,"href":"https:\/\/eltiosam.com.mx\/index.php\/wp-json\/wp\/v2\/product_brand?post=10524"},{"taxonomy":"product_cat","embeddable":true,"href":"https:\/\/eltiosam.com.mx\/index.php\/wp-json\/wp\/v2\/product_cat?post=10524"},{"taxonomy":"product_tag","embeddable":true,"href":"https:\/\/eltiosam.com.mx\/index.php\/wp-json\/wp\/v2\/product_tag?post=10524"}],"curies":[{"name":"wp","href":"https:\/\/api.w.org\/{rel}","templated":true}]}}