{"id":10505,"date":"2024-09-25T23:01:26","date_gmt":"2024-09-25T23:01:26","guid":{"rendered":"https:\/\/eltiosam.com.mx\/?post_type=product&#038;p=10505"},"modified":"2024-09-25T23:06:33","modified_gmt":"2024-09-25T23:06:33","slug":"tarja-sobrep-cuad-2-pilas-c-acc-elkay-efd-342075aco","status":"publish","type":"product","link":"https:\/\/eltiosam.com.mx\/index.php\/product\/tarja-sobrep-cuad-2-pilas-c-acc-elkay-efd-342075aco\/","title":{"rendered":"TARJA SOBREP. CUAD. 2 PILAS C\/ACC. ELKAY EFD-342075ACO"},"content":{"rendered":"<p>Descripci\u00f3n:<\/p>\n<p>La tarja de sobreponer Elkay EFD-342075ACO con dise\u00f1o cuadrado y doble pila es la soluci\u00f3n perfecta para cocinas que buscan practicidad y estilo. Fabricada en acero inoxidable de calibre 18, ofrece durabilidad, resistencia y una apariencia moderna con su acabado satinado. Su instalaci\u00f3n sobre encimera es sencilla, y con los accesorios incluidos, tendr\u00e1s todo lo necesario para un montaje r\u00e1pido y funcional.<\/p>\n","protected":false},"excerpt":{"rendered":"<p>Descripci\u00f3n: La tarja de sobreponer Elkay EFD-342075ACO con dise\u00f1o cuadrado y doble pila es la soluci\u00f3n perfecta para cocinas que buscan practicidad y estilo. Fabricada en acero inoxidable de calibre 18, ofrece durabilidad, resistencia y una apariencia moderna con su acabado satinado. Su instalaci\u00f3n sobre encimera es sencilla, y con los accesorios incluidos, tendr\u00e1s todo [&hellip;]<\/p>\n","protected":false},"featured_media":10506,"template":"","meta":{"_joinchat":[]},"product_brand":[],"product_cat":[47],"product_tag":[49],"class_list":{"0":"post-10505","1":"product","2":"type-product","3":"status-publish","4":"has-post-thumbnail","6":"product_cat-tarjas","7":"product_tag-elkay","9":"first","10":"instock","11":"shipping-taxable","12":"product-type-simple"},"_links":{"self":[{"href":"https:\/\/eltiosam.com.mx\/index.php\/wp-json\/wp\/v2\/product\/10505","targetHints":{"allow":["GET"]}}],"collection":[{"href":"https:\/\/eltiosam.com.mx\/index.php\/wp-json\/wp\/v2\/product"}],"about":[{"href":"https:\/\/eltiosam.com.mx\/index.php\/wp-json\/wp\/v2\/types\/product"}],"wp:featuredmedia":[{"embeddable":true,"href":"https:\/\/eltiosam.com.mx\/index.php\/wp-json\/wp\/v2\/media\/10506"}],"wp:attachment":[{"href":"https:\/\/eltiosam.com.mx\/index.php\/wp-json\/wp\/v2\/media?parent=10505"}],"wp:term":[{"taxonomy":"product_brand","embeddable":true,"href":"https:\/\/eltiosam.com.mx\/index.php\/wp-json\/wp\/v2\/product_brand?post=10505"},{"taxonomy":"product_cat","embeddable":true,"href":"https:\/\/eltiosam.com.mx\/index.php\/wp-json\/wp\/v2\/product_cat?post=10505"},{"taxonomy":"product_tag","embeddable":true,"href":"https:\/\/eltiosam.com.mx\/index.php\/wp-json\/wp\/v2\/product_tag?post=10505"}],"curies":[{"name":"wp","href":"https:\/\/api.w.org\/{rel}","templated":true}]}}