{"id":10453,"date":"2024-09-24T23:07:35","date_gmt":"2024-09-24T23:07:35","guid":{"rendered":"https:\/\/eltiosam.com.mx\/?post_type=product&#038;p=10453"},"modified":"2024-09-24T23:14:13","modified_gmt":"2024-09-24T23:14:13","slug":"campana-isla-90cm-eb-eb-393ic","status":"publish","type":"product","link":"https:\/\/eltiosam.com.mx\/index.php\/product\/campana-isla-90cm-eb-eb-393ic\/","title":{"rendered":"CAMPANA ISLA 90CM. EB EB-393IC"},"content":{"rendered":"<p><strong>Descripci\u00f3n:<\/strong><\/p>\n<p>La campana extractora <strong>EB EB-393IC<\/strong> es el complemento perfecto para cocinas con isla, gracias a su dise\u00f1o elegante y moderno que resalta el espacio. Con una excelente <strong>capacidad de extracci\u00f3n<\/strong>, podr\u00e1s eliminar eficazmente los olores y el humo, manteniendo tu cocina fresca y limpia en todo momento.<\/p>\n","protected":false},"excerpt":{"rendered":"<p>Descripci\u00f3n: La campana extractora EB EB-393IC es el complemento perfecto para cocinas con isla, gracias a su dise\u00f1o elegante y moderno que resalta el espacio. Con una excelente capacidad de extracci\u00f3n, podr\u00e1s eliminar eficazmente los olores y el humo, manteniendo tu cocina fresca y limpia en todo momento.<\/p>\n","protected":false},"featured_media":10454,"template":"","meta":{"_joinchat":[]},"product_brand":[],"product_cat":[184],"product_tag":[44],"class_list":{"0":"post-10453","1":"product","2":"type-product","3":"status-publish","4":"has-post-thumbnail","6":"product_cat-microondas","7":"product_tag-eb","9":"first","10":"instock","11":"shipping-taxable","12":"product-type-simple"},"_links":{"self":[{"href":"https:\/\/eltiosam.com.mx\/index.php\/wp-json\/wp\/v2\/product\/10453","targetHints":{"allow":["GET"]}}],"collection":[{"href":"https:\/\/eltiosam.com.mx\/index.php\/wp-json\/wp\/v2\/product"}],"about":[{"href":"https:\/\/eltiosam.com.mx\/index.php\/wp-json\/wp\/v2\/types\/product"}],"wp:featuredmedia":[{"embeddable":true,"href":"https:\/\/eltiosam.com.mx\/index.php\/wp-json\/wp\/v2\/media\/10454"}],"wp:attachment":[{"href":"https:\/\/eltiosam.com.mx\/index.php\/wp-json\/wp\/v2\/media?parent=10453"}],"wp:term":[{"taxonomy":"product_brand","embeddable":true,"href":"https:\/\/eltiosam.com.mx\/index.php\/wp-json\/wp\/v2\/product_brand?post=10453"},{"taxonomy":"product_cat","embeddable":true,"href":"https:\/\/eltiosam.com.mx\/index.php\/wp-json\/wp\/v2\/product_cat?post=10453"},{"taxonomy":"product_tag","embeddable":true,"href":"https:\/\/eltiosam.com.mx\/index.php\/wp-json\/wp\/v2\/product_tag?post=10453"}],"curies":[{"name":"wp","href":"https:\/\/api.w.org\/{rel}","templated":true}]}}