{"id":10436,"date":"2024-09-18T23:26:48","date_gmt":"2024-09-18T23:26:48","guid":{"rendered":"https:\/\/eltiosam.com.mx\/?post_type=product&#038;p=10436"},"modified":"2024-09-24T00:23:46","modified_gmt":"2024-09-24T00:23:46","slug":"campana-pared-60cm-negra-eb-eb-332","status":"publish","type":"product","link":"https:\/\/eltiosam.com.mx\/index.php\/product\/campana-pared-60cm-negra-eb-eb-332\/","title":{"rendered":"CAMPANA PARED 60CM. NEGRA EB EB-332"},"content":{"rendered":"<div class=\"flex-1 overflow-hidden\">\n<div class=\"h-full\">\n<div class=\"react-scroll-to-bottom--css-sacdv-79elbk h-full\">\n<div class=\"react-scroll-to-bottom--css-sacdv-1n7m0yu\">\n<div class=\"flex flex-col text-sm md:pb-9\">\n<article class=\"w-full text-token-text-primary focus-visible:outline-2 focus-visible:outline-offset-[-4px]\" dir=\"auto\" data-testid=\"conversation-turn-55\" data-scroll-anchor=\"true\">\n<div class=\"text-base py-[18px] px-3 md:px-4 m-auto w-full md:px-5 lg:px-1 xl:px-5\">\n<div class=\"mx-auto flex flex-1 gap-4 text-base md:gap-5 lg:gap-6 md:max-w-3xl lg:max-w-[40rem] xl:max-w-[48rem]\">\n<div class=\"group\/conversation-turn relative flex w-full min-w-0 flex-col agent-turn\">\n<div class=\"flex-col gap-1 md:gap-3\">\n<div class=\"flex max-w-full flex-col flex-grow\">\n<div class=\"min-h-[20px] text-message flex w-full flex-col items-end gap-2 whitespace-normal break-words [.text-message+&amp;]:mt-5\" dir=\"auto\" data-message-author-role=\"assistant\" data-message-id=\"0827decb-0ab7-4d35-a7bc-12634b1e035b\">\n<div class=\"flex w-full flex-col gap-1 empty:hidden first:pt-[3px]\">\n<div class=\"markdown prose w-full break-words dark:prose-invert dark\">\n<p>La campana de pared <strong>EB-332<\/strong> en color negro no solo es funcional, sino que tambi\u00e9n a\u00f1ade un toque sofisticado y contempor\u00e1neo a tu cocina. Con un dise\u00f1o elegante, ofrece una excelente capacidad de extracci\u00f3n, manteniendo tu cocina libre de humos y olores.<\/p>\n<\/div>\n<\/div>\n<\/div>\n<\/div>\n<div class=\"mt-1 flex gap-3 empty:hidden -ml-2\">\n<div class=\"items-center justify-start rounded-xl p-1 flex\"><\/div>\n<\/div>\n<\/div>\n<\/div>\n<\/div>\n<\/div>\n<\/article>\n<\/div>\n<\/div>\n<\/div>\n<\/div>\n<\/div>\n<div class=\"md:pt-0 dark:border-white\/20 md:border-transparent md:dark:border-transparent w-full\">\n<div class=\"\">\n<div class=\"text-base px-3 md:px-4 m-auto w-full md:px-5 lg:px-1 xl:px-5\">\n<div class=\"mx-auto flex flex-1 gap-4 text-base md:gap-5 lg:gap-6 md:max-w-3xl lg:max-w-[40rem] xl:max-w-[48rem]\">\n<div class=\"relative flex h-full max-w-full flex-1 flex-col\">\n<div class=\"group relative flex w-full items-center\">\n<div class=\"flex w-full flex-col gap-1.5 rounded-[26px] p-1.5 transition-colors bg-[#f4f4f4] dark:bg-token-main-surface-secondary\">\n<div class=\"flex items-end gap-1.5 md:gap-2\">\n<div class=\"flex min-w-0 flex-1 flex-col\"><\/div>\n<\/div>\n<\/div>\n<\/div>\n<\/div>\n<\/div>\n<\/div>\n<\/div>\n<\/div>\n","protected":false},"excerpt":{"rendered":"<p>La campana de pared EB-332 en color negro no solo es funcional, sino que tambi\u00e9n a\u00f1ade un toque sofisticado y contempor\u00e1neo a tu cocina. Con un dise\u00f1o elegante, ofrece una excelente capacidad de extracci\u00f3n, manteniendo tu cocina libre de humos y olores.<\/p>\n","protected":false},"featured_media":10437,"template":"","meta":{"_joinchat":[]},"product_brand":[],"product_cat":[45,29],"product_tag":[44],"class_list":{"0":"post-10436","1":"product","2":"type-product","3":"status-publish","4":"has-post-thumbnail","6":"product_cat-campanas","7":"product_cat-coccion","8":"product_tag-eb","10":"first","11":"instock","12":"shipping-taxable","13":"product-type-simple"},"_links":{"self":[{"href":"https:\/\/eltiosam.com.mx\/index.php\/wp-json\/wp\/v2\/product\/10436","targetHints":{"allow":["GET"]}}],"collection":[{"href":"https:\/\/eltiosam.com.mx\/index.php\/wp-json\/wp\/v2\/product"}],"about":[{"href":"https:\/\/eltiosam.com.mx\/index.php\/wp-json\/wp\/v2\/types\/product"}],"wp:featuredmedia":[{"embeddable":true,"href":"https:\/\/eltiosam.com.mx\/index.php\/wp-json\/wp\/v2\/media\/10437"}],"wp:attachment":[{"href":"https:\/\/eltiosam.com.mx\/index.php\/wp-json\/wp\/v2\/media?parent=10436"}],"wp:term":[{"taxonomy":"product_brand","embeddable":true,"href":"https:\/\/eltiosam.com.mx\/index.php\/wp-json\/wp\/v2\/product_brand?post=10436"},{"taxonomy":"product_cat","embeddable":true,"href":"https:\/\/eltiosam.com.mx\/index.php\/wp-json\/wp\/v2\/product_cat?post=10436"},{"taxonomy":"product_tag","embeddable":true,"href":"https:\/\/eltiosam.com.mx\/index.php\/wp-json\/wp\/v2\/product_tag?post=10436"}],"curies":[{"name":"wp","href":"https:\/\/api.w.org\/{rel}","templated":true}]}}