{"id":10421,"date":"2024-09-18T23:09:22","date_gmt":"2024-09-18T23:09:22","guid":{"rendered":"https:\/\/eltiosam.com.mx\/?post_type=product&#038;p=10421"},"modified":"2025-07-17T23:05:21","modified_gmt":"2025-07-17T23:05:21","slug":"mezcl-toda-presion-cromo-eb-eb-1015c","status":"publish","type":"product","link":"https:\/\/eltiosam.com.mx\/index.php\/product\/mezcl-toda-presion-cromo-eb-eb-1015c\/","title":{"rendered":"MEZCL. TODA PRESION CROMO EB EB-1015C"},"content":{"rendered":"<p><strong>Descripci\u00f3n:<\/strong><\/p>\n<p>El mezclador EB-1015C en cromo combina estilo y funcionalidad, ofreciendo un flujo de agua constante y confiable. Su acabado brillante y resistente lo convierte en una opci\u00f3n duradera y elegante para cualquier cocina o ba\u00f1o. Este grifo es la soluci\u00f3n perfecta para quienes buscan calidad y dise\u00f1o moderno en un solo producto.<\/p>\n<p>&nbsp;<\/p>\n","protected":false},"excerpt":{"rendered":"<p>Descripci\u00f3n: El mezclador EB-1015C en cromo combina estilo y funcionalidad, ofreciendo un flujo de agua constante y confiable. Su acabado brillante y resistente lo convierte en una opci\u00f3n duradera y elegante para cualquier cocina o ba\u00f1o. Este grifo es la soluci\u00f3n perfecta para quienes buscan calidad y dise\u00f1o moderno en un solo producto. &nbsp;<\/p>\n","protected":false},"featured_media":10422,"template":"","meta":{"_joinchat":[]},"product_brand":[],"product_cat":[183,42],"product_tag":[44],"class_list":{"0":"post-10421","1":"product","2":"type-product","3":"status-publish","4":"has-post-thumbnail","6":"product_cat-mezcladoras","7":"product_cat-varios","8":"product_tag-eb","10":"first","11":"instock","12":"shipping-taxable","13":"product-type-simple"},"_links":{"self":[{"href":"https:\/\/eltiosam.com.mx\/index.php\/wp-json\/wp\/v2\/product\/10421","targetHints":{"allow":["GET"]}}],"collection":[{"href":"https:\/\/eltiosam.com.mx\/index.php\/wp-json\/wp\/v2\/product"}],"about":[{"href":"https:\/\/eltiosam.com.mx\/index.php\/wp-json\/wp\/v2\/types\/product"}],"wp:featuredmedia":[{"embeddable":true,"href":"https:\/\/eltiosam.com.mx\/index.php\/wp-json\/wp\/v2\/media\/10422"}],"wp:attachment":[{"href":"https:\/\/eltiosam.com.mx\/index.php\/wp-json\/wp\/v2\/media?parent=10421"}],"wp:term":[{"taxonomy":"product_brand","embeddable":true,"href":"https:\/\/eltiosam.com.mx\/index.php\/wp-json\/wp\/v2\/product_brand?post=10421"},{"taxonomy":"product_cat","embeddable":true,"href":"https:\/\/eltiosam.com.mx\/index.php\/wp-json\/wp\/v2\/product_cat?post=10421"},{"taxonomy":"product_tag","embeddable":true,"href":"https:\/\/eltiosam.com.mx\/index.php\/wp-json\/wp\/v2\/product_tag?post=10421"}],"curies":[{"name":"wp","href":"https:\/\/api.w.org\/{rel}","templated":true}]}}