{"id":10403,"date":"2024-09-18T03:40:08","date_gmt":"2024-09-18T03:40:08","guid":{"rendered":"https:\/\/eltiosam.com.mx\/?post_type=product&#038;p=10403"},"modified":"2025-07-17T23:03:11","modified_gmt":"2025-07-17T23:03:11","slug":"mezcladora-alta-presion-eb-eb-1011","status":"publish","type":"product","link":"https:\/\/eltiosam.com.mx\/index.php\/product\/mezcladora-alta-presion-eb-eb-1011\/","title":{"rendered":"MEZCLADORA ALTA PRESION EB EB-1011"},"content":{"rendered":"<p><strong>Descripci\u00f3n:<\/strong><\/p>\n<p>La mezcladora EB-1011 es una opci\u00f3n confiable para instalaciones con sistemas de alta presi\u00f3n, ofreciendo durabilidad, flujo constante y un acabado elegante para cocinas o ba\u00f1os.<\/p>\n<p>&nbsp;<\/p>\n","protected":false},"excerpt":{"rendered":"<p>Descripci\u00f3n: La mezcladora EB-1011 es una opci\u00f3n confiable para instalaciones con sistemas de alta presi\u00f3n, ofreciendo durabilidad, flujo constante y un acabado elegante para cocinas o ba\u00f1os. &nbsp;<\/p>\n","protected":false},"featured_media":10404,"template":"","meta":{"_joinchat":[]},"product_brand":[],"product_cat":[183,42],"product_tag":[44],"class_list":{"0":"post-10403","1":"product","2":"type-product","3":"status-publish","4":"has-post-thumbnail","6":"product_cat-mezcladoras","7":"product_cat-varios","8":"product_tag-eb","10":"first","11":"instock","12":"shipping-taxable","13":"product-type-simple"},"_links":{"self":[{"href":"https:\/\/eltiosam.com.mx\/index.php\/wp-json\/wp\/v2\/product\/10403","targetHints":{"allow":["GET"]}}],"collection":[{"href":"https:\/\/eltiosam.com.mx\/index.php\/wp-json\/wp\/v2\/product"}],"about":[{"href":"https:\/\/eltiosam.com.mx\/index.php\/wp-json\/wp\/v2\/types\/product"}],"wp:featuredmedia":[{"embeddable":true,"href":"https:\/\/eltiosam.com.mx\/index.php\/wp-json\/wp\/v2\/media\/10404"}],"wp:attachment":[{"href":"https:\/\/eltiosam.com.mx\/index.php\/wp-json\/wp\/v2\/media?parent=10403"}],"wp:term":[{"taxonomy":"product_brand","embeddable":true,"href":"https:\/\/eltiosam.com.mx\/index.php\/wp-json\/wp\/v2\/product_brand?post=10403"},{"taxonomy":"product_cat","embeddable":true,"href":"https:\/\/eltiosam.com.mx\/index.php\/wp-json\/wp\/v2\/product_cat?post=10403"},{"taxonomy":"product_tag","embeddable":true,"href":"https:\/\/eltiosam.com.mx\/index.php\/wp-json\/wp\/v2\/product_tag?post=10403"}],"curies":[{"name":"wp","href":"https:\/\/api.w.org\/{rel}","templated":true}]}}