{"id":10359,"date":"2024-09-13T21:35:53","date_gmt":"2024-09-13T21:35:53","guid":{"rendered":"https:\/\/eltiosam.com.mx\/?post_type=product&#038;p=10359"},"modified":"2024-09-13T21:39:33","modified_gmt":"2024-09-13T21:39:33","slug":"tarja-submontar-1-pila-c-contr-eb-a30189aco","status":"publish","type":"product","link":"https:\/\/eltiosam.com.mx\/index.php\/product\/tarja-submontar-1-pila-c-contr-eb-a30189aco\/","title":{"rendered":"TARJA SUBMONTAR 1 PILA C\/CONTR. EB A30189ACO"},"content":{"rendered":"<p>Descripci\u00f3n:<\/p>\n<p>Este modelo parece ser una excelente opci\u00f3n para quienes buscan un dise\u00f1o sencillo, funcional y moderno en su cocina.<\/p>\n","protected":false},"excerpt":{"rendered":"<p>Descripci\u00f3n: Este modelo parece ser una excelente opci\u00f3n para quienes buscan un dise\u00f1o sencillo, funcional y moderno en su cocina.<\/p>\n","protected":false},"featured_media":10360,"template":"","meta":{"_joinchat":[]},"product_brand":[],"product_cat":[47],"product_tag":[44],"class_list":{"0":"post-10359","1":"product","2":"type-product","3":"status-publish","4":"has-post-thumbnail","6":"product_cat-tarjas","7":"product_tag-eb","9":"first","10":"instock","11":"shipping-taxable","12":"product-type-simple"},"_links":{"self":[{"href":"https:\/\/eltiosam.com.mx\/index.php\/wp-json\/wp\/v2\/product\/10359","targetHints":{"allow":["GET"]}}],"collection":[{"href":"https:\/\/eltiosam.com.mx\/index.php\/wp-json\/wp\/v2\/product"}],"about":[{"href":"https:\/\/eltiosam.com.mx\/index.php\/wp-json\/wp\/v2\/types\/product"}],"wp:featuredmedia":[{"embeddable":true,"href":"https:\/\/eltiosam.com.mx\/index.php\/wp-json\/wp\/v2\/media\/10360"}],"wp:attachment":[{"href":"https:\/\/eltiosam.com.mx\/index.php\/wp-json\/wp\/v2\/media?parent=10359"}],"wp:term":[{"taxonomy":"product_brand","embeddable":true,"href":"https:\/\/eltiosam.com.mx\/index.php\/wp-json\/wp\/v2\/product_brand?post=10359"},{"taxonomy":"product_cat","embeddable":true,"href":"https:\/\/eltiosam.com.mx\/index.php\/wp-json\/wp\/v2\/product_cat?post=10359"},{"taxonomy":"product_tag","embeddable":true,"href":"https:\/\/eltiosam.com.mx\/index.php\/wp-json\/wp\/v2\/product_tag?post=10359"}],"curies":[{"name":"wp","href":"https:\/\/api.w.org\/{rel}","templated":true}]}}