{"id":10354,"date":"2024-09-13T03:30:23","date_gmt":"2024-09-13T03:30:23","guid":{"rendered":"https:\/\/eltiosam.com.mx\/?post_type=product&#038;p=10354"},"modified":"2024-09-13T03:32:28","modified_gmt":"2024-09-13T03:32:28","slug":"tarja-submontar-1-pila-c-contr-eb-a23219aco","status":"publish","type":"product","link":"https:\/\/eltiosam.com.mx\/index.php\/product\/tarja-submontar-1-pila-c-contr-eb-a23219aco\/","title":{"rendered":"TARJA SUBMONTAR 1 PILA C\/CONTR. EB A23219ACO"},"content":{"rendered":"<p>Descripci\u00f3n:<\/p>\n<p>El modelo <strong>EB A23219ACO<\/strong> es ideal para cocinas que requieren un fregadero de gran capacidad con un dise\u00f1o minimalista y moderno, adem\u00e1s de la conveniencia de la contracanasta para una mejor gesti\u00f3n de residuos y un desag\u00fce eficiente.<\/p>\n","protected":false},"excerpt":{"rendered":"<p>Descripci\u00f3n: El modelo EB A23219ACO es ideal para cocinas que requieren un fregadero de gran capacidad con un dise\u00f1o minimalista y moderno, adem\u00e1s de la conveniencia de la contracanasta para una mejor gesti\u00f3n de residuos y un desag\u00fce eficiente.<\/p>\n","protected":false},"featured_media":10355,"template":"","meta":{"_joinchat":[]},"product_brand":[],"product_cat":[47],"product_tag":[44],"class_list":{"0":"post-10354","1":"product","2":"type-product","3":"status-publish","4":"has-post-thumbnail","6":"product_cat-tarjas","7":"product_tag-eb","9":"first","10":"instock","11":"shipping-taxable","12":"product-type-simple"},"_links":{"self":[{"href":"https:\/\/eltiosam.com.mx\/index.php\/wp-json\/wp\/v2\/product\/10354","targetHints":{"allow":["GET"]}}],"collection":[{"href":"https:\/\/eltiosam.com.mx\/index.php\/wp-json\/wp\/v2\/product"}],"about":[{"href":"https:\/\/eltiosam.com.mx\/index.php\/wp-json\/wp\/v2\/types\/product"}],"wp:featuredmedia":[{"embeddable":true,"href":"https:\/\/eltiosam.com.mx\/index.php\/wp-json\/wp\/v2\/media\/10355"}],"wp:attachment":[{"href":"https:\/\/eltiosam.com.mx\/index.php\/wp-json\/wp\/v2\/media?parent=10354"}],"wp:term":[{"taxonomy":"product_brand","embeddable":true,"href":"https:\/\/eltiosam.com.mx\/index.php\/wp-json\/wp\/v2\/product_brand?post=10354"},{"taxonomy":"product_cat","embeddable":true,"href":"https:\/\/eltiosam.com.mx\/index.php\/wp-json\/wp\/v2\/product_cat?post=10354"},{"taxonomy":"product_tag","embeddable":true,"href":"https:\/\/eltiosam.com.mx\/index.php\/wp-json\/wp\/v2\/product_tag?post=10354"}],"curies":[{"name":"wp","href":"https:\/\/api.w.org\/{rel}","templated":true}]}}