{"id":10338,"date":"2024-09-13T03:12:29","date_gmt":"2024-09-13T03:12:29","guid":{"rendered":"https:\/\/eltiosam.com.mx\/?post_type=product&#038;p=10338"},"modified":"2024-09-13T03:14:57","modified_gmt":"2024-09-13T03:14:57","slug":"tarja-submontar-esq-eb-cse-110","status":"publish","type":"product","link":"https:\/\/eltiosam.com.mx\/index.php\/product\/tarja-submontar-esq-eb-cse-110\/","title":{"rendered":"TARJA SUBMONTAR ESQ. EB CSE-110"},"content":{"rendered":"<p>Descripci\u00f3n:<\/p>\n<p>Este modelo <strong>EB CSE-110<\/strong> es una excelente soluci\u00f3n para quienes buscan aprovechar cada cent\u00edmetro de su cocina, sin perder la elegancia y la practicidad de un fregadero de acero inoxidable montado bajo encimera.<\/p>\n","protected":false},"excerpt":{"rendered":"<p>Descripci\u00f3n: Este modelo EB CSE-110 es una excelente soluci\u00f3n para quienes buscan aprovechar cada cent\u00edmetro de su cocina, sin perder la elegancia y la practicidad de un fregadero de acero inoxidable montado bajo encimera.<\/p>\n","protected":false},"featured_media":10339,"template":"","meta":{"_joinchat":[]},"product_brand":[],"product_cat":[47],"product_tag":[44],"class_list":{"0":"post-10338","1":"product","2":"type-product","3":"status-publish","4":"has-post-thumbnail","6":"product_cat-tarjas","7":"product_tag-eb","9":"first","10":"instock","11":"shipping-taxable","12":"product-type-simple"},"_links":{"self":[{"href":"https:\/\/eltiosam.com.mx\/index.php\/wp-json\/wp\/v2\/product\/10338","targetHints":{"allow":["GET"]}}],"collection":[{"href":"https:\/\/eltiosam.com.mx\/index.php\/wp-json\/wp\/v2\/product"}],"about":[{"href":"https:\/\/eltiosam.com.mx\/index.php\/wp-json\/wp\/v2\/types\/product"}],"wp:featuredmedia":[{"embeddable":true,"href":"https:\/\/eltiosam.com.mx\/index.php\/wp-json\/wp\/v2\/media\/10339"}],"wp:attachment":[{"href":"https:\/\/eltiosam.com.mx\/index.php\/wp-json\/wp\/v2\/media?parent=10338"}],"wp:term":[{"taxonomy":"product_brand","embeddable":true,"href":"https:\/\/eltiosam.com.mx\/index.php\/wp-json\/wp\/v2\/product_brand?post=10338"},{"taxonomy":"product_cat","embeddable":true,"href":"https:\/\/eltiosam.com.mx\/index.php\/wp-json\/wp\/v2\/product_cat?post=10338"},{"taxonomy":"product_tag","embeddable":true,"href":"https:\/\/eltiosam.com.mx\/index.php\/wp-json\/wp\/v2\/product_tag?post=10338"}],"curies":[{"name":"wp","href":"https:\/\/api.w.org\/{rel}","templated":true}]}}