{"id":10330,"date":"2024-09-13T03:00:03","date_gmt":"2024-09-13T03:00:03","guid":{"rendered":"https:\/\/eltiosam.com.mx\/?post_type=product&#038;p=10330"},"modified":"2024-09-13T03:05:26","modified_gmt":"2024-09-13T03:05:26","slug":"cespol-para-tarja-ebces-3114","status":"publish","type":"product","link":"https:\/\/eltiosam.com.mx\/index.php\/product\/cespol-para-tarja-ebces-3114\/","title":{"rendered":"CESPOL PARA TARJA EB\tCES-3114"},"content":{"rendered":"<div class=\"flex-1 overflow-hidden\">\n<div class=\"react-scroll-to-bottom--css-mmzjn-79elbk h-full\">\n<div class=\"react-scroll-to-bottom--css-mmzjn-1n7m0yu\">\n<div class=\"flex flex-col pb-9 text-sm\">\n<div class=\"w-full text-token-text-primary\" data-testid=\"conversation-turn-99\">\n<div class=\"px-4 py-2 justify-center text-base md:gap-6 m-auto\">\n<div class=\"flex flex-1 text-base mx-auto gap-3 md:px-5 lg:px-1 xl:px-5 md:max-w-3xl lg:max-w-[40rem] xl:max-w-[48rem] group final-completion\">\n<div class=\"relative flex w-full flex-col lg:w-[calc(100%-115px)] agent-turn\">\n<div class=\"flex-col gap-1 md:gap-3\">\n<div class=\"flex flex-grow flex-col max-w-full\">\n<div class=\"min-h-[20px] text-message flex flex-col items-start gap-3 whitespace-pre-wrap break-words [.text-message+&amp;]:mt-5 overflow-x-auto\" data-message-author-role=\"assistant\" data-message-id=\"4b7cc582-10d3-4bfe-8a7b-6e4815cb1cf2\">\n<div class=\"markdown prose w-full break-words dark:prose-invert light\">\n<p>Este modelo de <strong>cespol EB CES-3114<\/strong> es una excelente opci\u00f3n para cualquier instalaci\u00f3n de fregadero, ya que combina funcionalidad, resistencia y facilidad de instalaci\u00f3n, manteniendo el sistema de drenaje en perfecto estado.<\/p>\n<p>&nbsp;<\/p>\n<\/div>\n<\/div>\n<\/div>\n<\/div>\n<\/div>\n<\/div>\n<\/div>\n<\/div>\n<\/div>\n<\/div>\n<\/div>\n<\/div>\n","protected":false},"excerpt":{"rendered":"<p>Este modelo de cespol EB CES-3114 es una excelente opci\u00f3n para cualquier instalaci\u00f3n de fregadero, ya que combina funcionalidad, resistencia y facilidad de instalaci\u00f3n, manteniendo el sistema de drenaje en perfecto estado. &nbsp;<\/p>\n","protected":false},"featured_media":10331,"template":"","meta":{"_joinchat":[]},"product_brand":[],"product_cat":[42],"product_tag":[44],"class_list":{"0":"post-10330","1":"product","2":"type-product","3":"status-publish","4":"has-post-thumbnail","6":"product_cat-varios","7":"product_tag-eb","9":"first","10":"instock","11":"shipping-taxable","12":"product-type-simple"},"_links":{"self":[{"href":"https:\/\/eltiosam.com.mx\/index.php\/wp-json\/wp\/v2\/product\/10330","targetHints":{"allow":["GET"]}}],"collection":[{"href":"https:\/\/eltiosam.com.mx\/index.php\/wp-json\/wp\/v2\/product"}],"about":[{"href":"https:\/\/eltiosam.com.mx\/index.php\/wp-json\/wp\/v2\/types\/product"}],"wp:featuredmedia":[{"embeddable":true,"href":"https:\/\/eltiosam.com.mx\/index.php\/wp-json\/wp\/v2\/media\/10331"}],"wp:attachment":[{"href":"https:\/\/eltiosam.com.mx\/index.php\/wp-json\/wp\/v2\/media?parent=10330"}],"wp:term":[{"taxonomy":"product_brand","embeddable":true,"href":"https:\/\/eltiosam.com.mx\/index.php\/wp-json\/wp\/v2\/product_brand?post=10330"},{"taxonomy":"product_cat","embeddable":true,"href":"https:\/\/eltiosam.com.mx\/index.php\/wp-json\/wp\/v2\/product_cat?post=10330"},{"taxonomy":"product_tag","embeddable":true,"href":"https:\/\/eltiosam.com.mx\/index.php\/wp-json\/wp\/v2\/product_tag?post=10330"}],"curies":[{"name":"wp","href":"https:\/\/api.w.org\/{rel}","templated":true}]}}