{"id":10328,"date":"2024-09-13T02:53:33","date_gmt":"2024-09-13T02:53:33","guid":{"rendered":"https:\/\/eltiosam.com.mx\/?post_type=product&#038;p=10328"},"modified":"2024-09-13T02:58:14","modified_gmt":"2024-09-13T02:58:14","slug":"contracanasta-eb-cc-ai","status":"publish","type":"product","link":"https:\/\/eltiosam.com.mx\/index.php\/product\/contracanasta-eb-cc-ai\/","title":{"rendered":"CONTRACANASTA EB CC-AI"},"content":{"rendered":"<p>Este accesorio es esencial para mantener el sistema de desag\u00fce de la tarja limpio y libre de obstrucciones, prolongando la vida \u00fatil de la instalaci\u00f3n de plomer\u00eda.<\/p>\n","protected":false},"excerpt":{"rendered":"<p>Este accesorio es esencial para mantener el sistema de desag\u00fce de la tarja limpio y libre de obstrucciones, prolongando la vida \u00fatil de la instalaci\u00f3n de plomer\u00eda.<\/p>\n","protected":false},"featured_media":10329,"template":"","meta":{"_joinchat":[]},"product_brand":[],"product_cat":[50,42],"product_tag":[44],"class_list":{"0":"post-10328","1":"product","2":"type-product","3":"status-publish","4":"has-post-thumbnail","6":"product_cat-contracanasta","7":"product_cat-varios","8":"product_tag-eb","10":"first","11":"instock","12":"shipping-taxable","13":"product-type-simple"},"_links":{"self":[{"href":"https:\/\/eltiosam.com.mx\/index.php\/wp-json\/wp\/v2\/product\/10328","targetHints":{"allow":["GET"]}}],"collection":[{"href":"https:\/\/eltiosam.com.mx\/index.php\/wp-json\/wp\/v2\/product"}],"about":[{"href":"https:\/\/eltiosam.com.mx\/index.php\/wp-json\/wp\/v2\/types\/product"}],"wp:featuredmedia":[{"embeddable":true,"href":"https:\/\/eltiosam.com.mx\/index.php\/wp-json\/wp\/v2\/media\/10329"}],"wp:attachment":[{"href":"https:\/\/eltiosam.com.mx\/index.php\/wp-json\/wp\/v2\/media?parent=10328"}],"wp:term":[{"taxonomy":"product_brand","embeddable":true,"href":"https:\/\/eltiosam.com.mx\/index.php\/wp-json\/wp\/v2\/product_brand?post=10328"},{"taxonomy":"product_cat","embeddable":true,"href":"https:\/\/eltiosam.com.mx\/index.php\/wp-json\/wp\/v2\/product_cat?post=10328"},{"taxonomy":"product_tag","embeddable":true,"href":"https:\/\/eltiosam.com.mx\/index.php\/wp-json\/wp\/v2\/product_tag?post=10328"}],"curies":[{"name":"wp","href":"https:\/\/api.w.org\/{rel}","templated":true}]}}