{"id":10296,"date":"2024-09-13T02:13:10","date_gmt":"2024-09-13T02:13:10","guid":{"rendered":"https:\/\/eltiosam.com.mx\/?post_type=product&#038;p=10296"},"modified":"2024-09-18T02:56:34","modified_gmt":"2024-09-18T02:56:34","slug":"tarja-sobreponer-1-pila-eb-m-100","status":"publish","type":"product","link":"https:\/\/eltiosam.com.mx\/index.php\/product\/tarja-sobreponer-1-pila-eb-m-100\/","title":{"rendered":"TARJA DE SOBREPONER 1 PILA EB M-100"},"content":{"rendered":"<p>Descripci\u00f3n:<\/p>\n<p>Este modelo <strong>EB M-100<\/strong> es una excelente opci\u00f3n para aquellos que buscan un fregadero sencillo, pr\u00e1ctico y funcional sin ocupar demasiado espacio en la cocina.<\/p>\n","protected":false},"excerpt":{"rendered":"<p>Descripci\u00f3n: Este modelo EB M-100 es una excelente opci\u00f3n para aquellos que buscan un fregadero sencillo, pr\u00e1ctico y funcional sin ocupar demasiado espacio en la cocina.<\/p>\n","protected":false},"featured_media":10297,"template":"","meta":{"_joinchat":[]},"product_brand":[],"product_cat":[47],"product_tag":[44],"class_list":{"0":"post-10296","1":"product","2":"type-product","3":"status-publish","4":"has-post-thumbnail","6":"product_cat-tarjas","7":"product_tag-eb","9":"first","10":"instock","11":"shipping-taxable","12":"product-type-simple"},"_links":{"self":[{"href":"https:\/\/eltiosam.com.mx\/index.php\/wp-json\/wp\/v2\/product\/10296","targetHints":{"allow":["GET"]}}],"collection":[{"href":"https:\/\/eltiosam.com.mx\/index.php\/wp-json\/wp\/v2\/product"}],"about":[{"href":"https:\/\/eltiosam.com.mx\/index.php\/wp-json\/wp\/v2\/types\/product"}],"wp:featuredmedia":[{"embeddable":true,"href":"https:\/\/eltiosam.com.mx\/index.php\/wp-json\/wp\/v2\/media\/10297"}],"wp:attachment":[{"href":"https:\/\/eltiosam.com.mx\/index.php\/wp-json\/wp\/v2\/media?parent=10296"}],"wp:term":[{"taxonomy":"product_brand","embeddable":true,"href":"https:\/\/eltiosam.com.mx\/index.php\/wp-json\/wp\/v2\/product_brand?post=10296"},{"taxonomy":"product_cat","embeddable":true,"href":"https:\/\/eltiosam.com.mx\/index.php\/wp-json\/wp\/v2\/product_cat?post=10296"},{"taxonomy":"product_tag","embeddable":true,"href":"https:\/\/eltiosam.com.mx\/index.php\/wp-json\/wp\/v2\/product_tag?post=10296"}],"curies":[{"name":"wp","href":"https:\/\/api.w.org\/{rel}","templated":true}]}}