{"id":10292,"date":"2024-09-13T02:05:22","date_gmt":"2024-09-13T02:05:22","guid":{"rendered":"https:\/\/eltiosam.com.mx\/?post_type=product&#038;p=10292"},"modified":"2024-09-18T02:55:29","modified_gmt":"2024-09-18T02:55:29","slug":"tarja-sobr-1-pila-1-escurridor-derecha-eb-k-202","status":"publish","type":"product","link":"https:\/\/eltiosam.com.mx\/index.php\/product\/tarja-sobr-1-pila-1-escurridor-derecha-eb-k-202\/","title":{"rendered":"TARJA DE SOBREPONER 1 PILA ESCURRIDOR DER. EB K-202"},"content":{"rendered":"<p>Descripci\u00f3n:<\/p>\n<p>Este tipo de fregaderos es muy funcional para cocinas que buscan un dise\u00f1o pr\u00e1ctico, ya que el escurridor facilita el manejo del agua, y la pileta \u00fanica es lo suficientemente amplia para lavar utensilios grandes.<\/p>\n","protected":false},"excerpt":{"rendered":"<p>Descripci\u00f3n: Este tipo de fregaderos es muy funcional para cocinas que buscan un dise\u00f1o pr\u00e1ctico, ya que el escurridor facilita el manejo del agua, y la pileta \u00fanica es lo suficientemente amplia para lavar utensilios grandes.<\/p>\n","protected":false},"featured_media":10289,"template":"","meta":{"_joinchat":[]},"product_brand":[],"product_cat":[47],"product_tag":[44],"class_list":{"0":"post-10292","1":"product","2":"type-product","3":"status-publish","4":"has-post-thumbnail","6":"product_cat-tarjas","7":"product_tag-eb","9":"first","10":"instock","11":"shipping-taxable","12":"product-type-simple"},"_links":{"self":[{"href":"https:\/\/eltiosam.com.mx\/index.php\/wp-json\/wp\/v2\/product\/10292","targetHints":{"allow":["GET"]}}],"collection":[{"href":"https:\/\/eltiosam.com.mx\/index.php\/wp-json\/wp\/v2\/product"}],"about":[{"href":"https:\/\/eltiosam.com.mx\/index.php\/wp-json\/wp\/v2\/types\/product"}],"wp:featuredmedia":[{"embeddable":true,"href":"https:\/\/eltiosam.com.mx\/index.php\/wp-json\/wp\/v2\/media\/10289"}],"wp:attachment":[{"href":"https:\/\/eltiosam.com.mx\/index.php\/wp-json\/wp\/v2\/media?parent=10292"}],"wp:term":[{"taxonomy":"product_brand","embeddable":true,"href":"https:\/\/eltiosam.com.mx\/index.php\/wp-json\/wp\/v2\/product_brand?post=10292"},{"taxonomy":"product_cat","embeddable":true,"href":"https:\/\/eltiosam.com.mx\/index.php\/wp-json\/wp\/v2\/product_cat?post=10292"},{"taxonomy":"product_tag","embeddable":true,"href":"https:\/\/eltiosam.com.mx\/index.php\/wp-json\/wp\/v2\/product_tag?post=10292"}],"curies":[{"name":"wp","href":"https:\/\/api.w.org\/{rel}","templated":true}]}}