{"id":10177,"date":"2024-09-09T23:51:06","date_gmt":"2024-09-09T23:51:06","guid":{"rendered":"https:\/\/eltiosam.com.mx\/?post_type=product&#038;p=10177"},"modified":"2024-09-18T02:47:41","modified_gmt":"2024-09-18T02:47:41","slug":"campana-36-inox-cafe-uvw93642pss","status":"publish","type":"product","link":"https:\/\/eltiosam.com.mx\/index.php\/product\/campana-36-inox-cafe-uvw93642pss\/","title":{"rendered":"CAMPANA DE PARED 90CM CAF\u00c9 UVW93642PSS"},"content":{"rendered":"<p>La <strong>campana extractora UVW93642PSS de 36 pulgadas en acero inoxidable de la marca Caf\u00e9<\/strong> es perfecta para cocinas de estilo moderno, combinando un dise\u00f1o elegante con potencia de ventilaci\u00f3n eficiente. Ideal para eliminar eficazmente el humo y los olores mientras complementa la est\u00e9tica de la cocina.<\/p>\n","protected":false},"excerpt":{"rendered":"<p>La campana extractora UVW93642PSS de 36 pulgadas en acero inoxidable de la marca Caf\u00e9 es perfecta para cocinas de estilo moderno, combinando un dise\u00f1o elegante con potencia de ventilaci\u00f3n eficiente. Ideal para eliminar eficazmente el humo y los olores mientras complementa la est\u00e9tica de la cocina.<\/p>\n","protected":false},"featured_media":10178,"template":"","meta":{"_joinchat":[]},"product_brand":[],"product_cat":[45,29],"product_tag":[231],"class_list":{"0":"post-10177","1":"product","2":"type-product","3":"status-publish","4":"has-post-thumbnail","6":"product_cat-campanas","7":"product_cat-coccion","8":"product_tag-cafe","10":"first","11":"instock","12":"shipping-taxable","13":"product-type-simple"},"_links":{"self":[{"href":"https:\/\/eltiosam.com.mx\/index.php\/wp-json\/wp\/v2\/product\/10177","targetHints":{"allow":["GET"]}}],"collection":[{"href":"https:\/\/eltiosam.com.mx\/index.php\/wp-json\/wp\/v2\/product"}],"about":[{"href":"https:\/\/eltiosam.com.mx\/index.php\/wp-json\/wp\/v2\/types\/product"}],"wp:featuredmedia":[{"embeddable":true,"href":"https:\/\/eltiosam.com.mx\/index.php\/wp-json\/wp\/v2\/media\/10178"}],"wp:attachment":[{"href":"https:\/\/eltiosam.com.mx\/index.php\/wp-json\/wp\/v2\/media?parent=10177"}],"wp:term":[{"taxonomy":"product_brand","embeddable":true,"href":"https:\/\/eltiosam.com.mx\/index.php\/wp-json\/wp\/v2\/product_brand?post=10177"},{"taxonomy":"product_cat","embeddable":true,"href":"https:\/\/eltiosam.com.mx\/index.php\/wp-json\/wp\/v2\/product_cat?post=10177"},{"taxonomy":"product_tag","embeddable":true,"href":"https:\/\/eltiosam.com.mx\/index.php\/wp-json\/wp\/v2\/product_tag?post=10177"}],"curies":[{"name":"wp","href":"https:\/\/api.w.org\/{rel}","templated":true}]}}