{"id":10175,"date":"2024-09-09T23:48:51","date_gmt":"2024-09-09T23:48:51","guid":{"rendered":"https:\/\/eltiosam.com.mx\/?post_type=product&#038;p=10175"},"modified":"2024-09-09T23:50:01","modified_gmt":"2024-09-09T23:50:01","slug":"parrilla-gas-36-6q-blanca-cafe-cgu366p4tw2","status":"publish","type":"product","link":"https:\/\/eltiosam.com.mx\/index.php\/product\/parrilla-gas-36-6q-blanca-cafe-cgu366p4tw2\/","title":{"rendered":"PARRILLA GAS 36&#8243; 6Q. BLANCA CAF\u00c9 CGU366P4TW2"},"content":{"rendered":"<p><strong>Descripci\u00f3n:<\/strong><\/p>\n<p>La <strong>parrilla de gas CGU366P4TW2<\/strong> en color blanco mate de la marca <strong>Caf\u00e9<\/strong> es una opci\u00f3n excelente para quienes buscan un dise\u00f1o elegante y moderno con un rendimiento de alto nivel en la cocina. Ideal para chefs en casa que necesitan versatilidad y precisi\u00f3n en su cocci\u00f3n.<\/p>\n","protected":false},"excerpt":{"rendered":"<p>Descripci\u00f3n: La parrilla de gas CGU366P4TW2 en color blanco mate de la marca Caf\u00e9 es una opci\u00f3n excelente para quienes buscan un dise\u00f1o elegante y moderno con un rendimiento de alto nivel en la cocina. Ideal para chefs en casa que necesitan versatilidad y precisi\u00f3n en su cocci\u00f3n.<\/p>\n","protected":false},"featured_media":10176,"template":"","meta":{"_joinchat":[]},"product_brand":[],"product_cat":[29,46],"product_tag":[231],"class_list":{"0":"post-10175","1":"product","2":"type-product","3":"status-publish","4":"has-post-thumbnail","6":"product_cat-coccion","7":"product_cat-parrilla","8":"product_tag-cafe","10":"first","11":"instock","12":"shipping-taxable","13":"product-type-simple"},"_links":{"self":[{"href":"https:\/\/eltiosam.com.mx\/index.php\/wp-json\/wp\/v2\/product\/10175","targetHints":{"allow":["GET"]}}],"collection":[{"href":"https:\/\/eltiosam.com.mx\/index.php\/wp-json\/wp\/v2\/product"}],"about":[{"href":"https:\/\/eltiosam.com.mx\/index.php\/wp-json\/wp\/v2\/types\/product"}],"wp:featuredmedia":[{"embeddable":true,"href":"https:\/\/eltiosam.com.mx\/index.php\/wp-json\/wp\/v2\/media\/10176"}],"wp:attachment":[{"href":"https:\/\/eltiosam.com.mx\/index.php\/wp-json\/wp\/v2\/media?parent=10175"}],"wp:term":[{"taxonomy":"product_brand","embeddable":true,"href":"https:\/\/eltiosam.com.mx\/index.php\/wp-json\/wp\/v2\/product_brand?post=10175"},{"taxonomy":"product_cat","embeddable":true,"href":"https:\/\/eltiosam.com.mx\/index.php\/wp-json\/wp\/v2\/product_cat?post=10175"},{"taxonomy":"product_tag","embeddable":true,"href":"https:\/\/eltiosam.com.mx\/index.php\/wp-json\/wp\/v2\/product_tag?post=10175"}],"curies":[{"name":"wp","href":"https:\/\/api.w.org\/{rel}","templated":true}]}}