{"id":10142,"date":"2024-09-09T23:21:42","date_gmt":"2024-09-09T23:21:42","guid":{"rendered":"https:\/\/eltiosam.com.mx\/?post_type=product&#038;p=10142"},"modified":"2024-09-18T02:45:07","modified_gmt":"2024-09-18T02:45:07","slug":"horno-30-elec-220v-ngo-cafe-cts90dp3nd1","status":"publish","type":"product","link":"https:\/\/eltiosam.com.mx\/index.php\/product\/horno-30-elec-220v-ngo-cafe-cts90dp3nd1\/","title":{"rendered":"HORNO EL\u00c9CTRICO DE CONVECCI\u00d3N 30&#8243; CAF\u00c9 CTS90DP3ND1"},"content":{"rendered":"<p><strong>Descripci\u00f3n:<\/strong><br \/>\nEste <strong>horno el\u00e9ctrico empotrable CTS90DP3ND1<\/strong> de la marca <strong>Caf\u00e9<\/strong> en color negro mate es una opci\u00f3n elegante y funcional, ideal para cocinas que requieren rendimiento y estilo moderno.<\/p>\n","protected":false},"excerpt":{"rendered":"<p>Descripci\u00f3n: Este horno el\u00e9ctrico empotrable CTS90DP3ND1 de la marca Caf\u00e9 en color negro mate es una opci\u00f3n elegante y funcional, ideal para cocinas que requieren rendimiento y estilo moderno.<\/p>\n","protected":false},"featured_media":10143,"template":"","meta":{"_joinchat":[]},"product_brand":[],"product_cat":[175],"product_tag":[231],"class_list":{"0":"post-10142","1":"product","2":"type-product","3":"status-publish","4":"has-post-thumbnail","6":"product_cat-hornos","7":"product_tag-cafe","9":"first","10":"instock","11":"shipping-taxable","12":"product-type-simple"},"_links":{"self":[{"href":"https:\/\/eltiosam.com.mx\/index.php\/wp-json\/wp\/v2\/product\/10142","targetHints":{"allow":["GET"]}}],"collection":[{"href":"https:\/\/eltiosam.com.mx\/index.php\/wp-json\/wp\/v2\/product"}],"about":[{"href":"https:\/\/eltiosam.com.mx\/index.php\/wp-json\/wp\/v2\/types\/product"}],"wp:featuredmedia":[{"embeddable":true,"href":"https:\/\/eltiosam.com.mx\/index.php\/wp-json\/wp\/v2\/media\/10143"}],"wp:attachment":[{"href":"https:\/\/eltiosam.com.mx\/index.php\/wp-json\/wp\/v2\/media?parent=10142"}],"wp:term":[{"taxonomy":"product_brand","embeddable":true,"href":"https:\/\/eltiosam.com.mx\/index.php\/wp-json\/wp\/v2\/product_brand?post=10142"},{"taxonomy":"product_cat","embeddable":true,"href":"https:\/\/eltiosam.com.mx\/index.php\/wp-json\/wp\/v2\/product_cat?post=10142"},{"taxonomy":"product_tag","embeddable":true,"href":"https:\/\/eltiosam.com.mx\/index.php\/wp-json\/wp\/v2\/product_tag?post=10142"}],"curies":[{"name":"wp","href":"https:\/\/api.w.org\/{rel}","templated":true}]}}