{"id":10135,"date":"2024-09-09T23:16:02","date_gmt":"2024-09-09T23:16:02","guid":{"rendered":"https:\/\/eltiosam.com.mx\/?post_type=product&#038;p=10135"},"modified":"2024-09-18T02:44:44","modified_gmt":"2024-09-18T02:44:44","slug":"horno-30-elec-220v-inox-cafe-cts90dp2ns1","status":"publish","type":"product","link":"https:\/\/eltiosam.com.mx\/index.php\/product\/horno-30-elec-220v-inox-cafe-cts90dp2ns1\/","title":{"rendered":"HORNO EL\u00c9CTRICO DE CONVECCI\u00d3N 30&#8243; CAF\u00c9 CTS90DP2NS1"},"content":{"rendered":"<p><strong>Descripci\u00f3n:<\/strong><br \/>\nEste <strong>horno el\u00e9ctrico CTS90DP2NS1<\/strong> de la marca Caf\u00e9 es ideal para quienes buscan un electrodom\u00e9stico de alta gama que combine funcionalidad avanzada y un dise\u00f1o elegante en acero inoxidable.<\/p>\n","protected":false},"excerpt":{"rendered":"<p>Descripci\u00f3n: Este horno el\u00e9ctrico CTS90DP2NS1 de la marca Caf\u00e9 es ideal para quienes buscan un electrodom\u00e9stico de alta gama que combine funcionalidad avanzada y un dise\u00f1o elegante en acero inoxidable.<\/p>\n","protected":false},"featured_media":10136,"template":"","meta":{"_joinchat":[]},"product_brand":[],"product_cat":[175],"product_tag":[231],"class_list":{"0":"post-10135","1":"product","2":"type-product","3":"status-publish","4":"has-post-thumbnail","6":"product_cat-hornos","7":"product_tag-cafe","9":"first","10":"instock","11":"shipping-taxable","12":"product-type-simple"},"_links":{"self":[{"href":"https:\/\/eltiosam.com.mx\/index.php\/wp-json\/wp\/v2\/product\/10135","targetHints":{"allow":["GET"]}}],"collection":[{"href":"https:\/\/eltiosam.com.mx\/index.php\/wp-json\/wp\/v2\/product"}],"about":[{"href":"https:\/\/eltiosam.com.mx\/index.php\/wp-json\/wp\/v2\/types\/product"}],"wp:featuredmedia":[{"embeddable":true,"href":"https:\/\/eltiosam.com.mx\/index.php\/wp-json\/wp\/v2\/media\/10136"}],"wp:attachment":[{"href":"https:\/\/eltiosam.com.mx\/index.php\/wp-json\/wp\/v2\/media?parent=10135"}],"wp:term":[{"taxonomy":"product_brand","embeddable":true,"href":"https:\/\/eltiosam.com.mx\/index.php\/wp-json\/wp\/v2\/product_brand?post=10135"},{"taxonomy":"product_cat","embeddable":true,"href":"https:\/\/eltiosam.com.mx\/index.php\/wp-json\/wp\/v2\/product_cat?post=10135"},{"taxonomy":"product_tag","embeddable":true,"href":"https:\/\/eltiosam.com.mx\/index.php\/wp-json\/wp\/v2\/product_tag?post=10135"}],"curies":[{"name":"wp","href":"https:\/\/api.w.org\/{rel}","templated":true}]}}