{"id":10102,"date":"2024-09-06T03:10:51","date_gmt":"2024-09-06T03:10:51","guid":{"rendered":"https:\/\/eltiosam.com.mx\/?post_type=product&#038;p=10102"},"modified":"2024-09-18T02:42:54","modified_gmt":"2024-09-18T02:42:54","slug":"horno-de-microondas-220v-60x45cm-asko-om8464s","status":"publish","type":"product","link":"https:\/\/eltiosam.com.mx\/index.php\/product\/horno-de-microondas-220v-60x45cm-asko-om8464s\/","title":{"rendered":"HORNO DE MICROONDAS 1.9p3 ASKO OM8464S"},"content":{"rendered":"<p><strong>Descripci\u00f3n<\/strong>:<br \/>\nEl <strong>ASKO OM8464S<\/strong> es un horno microondas empotrable con capacidad de 40 litros, ofreciendo m\u00faltiples funciones de cocci\u00f3n, un panel de control digital intuitivo, y un dise\u00f1o elegante en acero inoxidable y vidrio negro, ideal para cocinas modernas.<\/p>\n","protected":false},"excerpt":{"rendered":"<p>Descripci\u00f3n: El ASKO OM8464S es un horno microondas empotrable con capacidad de 40 litros, ofreciendo m\u00faltiples funciones de cocci\u00f3n, un panel de control digital intuitivo, y un dise\u00f1o elegante en acero inoxidable y vidrio negro, ideal para cocinas modernas.<\/p>\n","protected":false},"featured_media":10103,"template":"","meta":{"_joinchat":[]},"product_brand":[],"product_cat":[184],"product_tag":[77],"class_list":{"0":"post-10102","1":"product","2":"type-product","3":"status-publish","4":"has-post-thumbnail","6":"product_cat-microondas","7":"product_tag-asko","9":"first","10":"instock","11":"shipping-taxable","12":"product-type-simple"},"_links":{"self":[{"href":"https:\/\/eltiosam.com.mx\/index.php\/wp-json\/wp\/v2\/product\/10102","targetHints":{"allow":["GET"]}}],"collection":[{"href":"https:\/\/eltiosam.com.mx\/index.php\/wp-json\/wp\/v2\/product"}],"about":[{"href":"https:\/\/eltiosam.com.mx\/index.php\/wp-json\/wp\/v2\/types\/product"}],"wp:featuredmedia":[{"embeddable":true,"href":"https:\/\/eltiosam.com.mx\/index.php\/wp-json\/wp\/v2\/media\/10103"}],"wp:attachment":[{"href":"https:\/\/eltiosam.com.mx\/index.php\/wp-json\/wp\/v2\/media?parent=10102"}],"wp:term":[{"taxonomy":"product_brand","embeddable":true,"href":"https:\/\/eltiosam.com.mx\/index.php\/wp-json\/wp\/v2\/product_brand?post=10102"},{"taxonomy":"product_cat","embeddable":true,"href":"https:\/\/eltiosam.com.mx\/index.php\/wp-json\/wp\/v2\/product_cat?post=10102"},{"taxonomy":"product_tag","embeddable":true,"href":"https:\/\/eltiosam.com.mx\/index.php\/wp-json\/wp\/v2\/product_tag?post=10102"}],"curies":[{"name":"wp","href":"https:\/\/api.w.org\/{rel}","templated":true}]}}