{"id":10087,"date":"2024-09-06T02:41:28","date_gmt":"2024-09-06T02:41:28","guid":{"rendered":"https:\/\/eltiosam.com.mx\/?post_type=product&#038;p=10087"},"modified":"2024-09-18T02:41:15","modified_gmt":"2024-09-18T02:41:15","slug":"horno-vapor-220v-60x45cm-asko-ocs8483s","status":"publish","type":"product","link":"https:\/\/eltiosam.com.mx\/index.php\/product\/horno-vapor-220v-60x45cm-asko-ocs8483s\/","title":{"rendered":"HORNO DE VAPOR 60X45CM ASKO OCS8483S"},"content":{"rendered":"<p><strong>Descripci\u00f3n:<\/strong><\/p>\n<p>Este horno es ideal para quienes buscan un electrodom\u00e9stico compacto pero con tecnolog\u00eda avanzada, que permita cocinar de manera saludable y precisa.<\/p>\n","protected":false},"excerpt":{"rendered":"<p>Descripci\u00f3n: Este horno es ideal para quienes buscan un electrodom\u00e9stico compacto pero con tecnolog\u00eda avanzada, que permita cocinar de manera saludable y precisa.<\/p>\n","protected":false},"featured_media":10088,"template":"","meta":{"_joinchat":[]},"product_brand":[],"product_cat":[29,69,175,177],"product_tag":[77],"class_list":{"0":"post-10087","1":"product","2":"type-product","3":"status-publish","4":"has-post-thumbnail","6":"product_cat-coccion","7":"product_cat-horno","8":"product_cat-hornos","9":"product_cat-hornos-de-vapor","10":"product_tag-asko","12":"first","13":"outofstock","14":"shipping-taxable","15":"purchasable","16":"product-type-simple"},"_links":{"self":[{"href":"https:\/\/eltiosam.com.mx\/index.php\/wp-json\/wp\/v2\/product\/10087","targetHints":{"allow":["GET"]}}],"collection":[{"href":"https:\/\/eltiosam.com.mx\/index.php\/wp-json\/wp\/v2\/product"}],"about":[{"href":"https:\/\/eltiosam.com.mx\/index.php\/wp-json\/wp\/v2\/types\/product"}],"wp:featuredmedia":[{"embeddable":true,"href":"https:\/\/eltiosam.com.mx\/index.php\/wp-json\/wp\/v2\/media\/10088"}],"wp:attachment":[{"href":"https:\/\/eltiosam.com.mx\/index.php\/wp-json\/wp\/v2\/media?parent=10087"}],"wp:term":[{"taxonomy":"product_brand","embeddable":true,"href":"https:\/\/eltiosam.com.mx\/index.php\/wp-json\/wp\/v2\/product_brand?post=10087"},{"taxonomy":"product_cat","embeddable":true,"href":"https:\/\/eltiosam.com.mx\/index.php\/wp-json\/wp\/v2\/product_cat?post=10087"},{"taxonomy":"product_tag","embeddable":true,"href":"https:\/\/eltiosam.com.mx\/index.php\/wp-json\/wp\/v2\/product_tag?post=10087"}],"curies":[{"name":"wp","href":"https:\/\/api.w.org\/{rel}","templated":true}]}}