{"id":10065,"date":"2024-09-06T01:41:18","date_gmt":"2024-09-06T01:41:18","guid":{"rendered":"https:\/\/eltiosam.com.mx\/?post_type=product&#038;p=10065"},"modified":"2025-07-17T23:08:28","modified_gmt":"2025-07-17T23:08:28","slug":"refrigerador-asko-r31831i","status":"publish","type":"product","link":"https:\/\/eltiosam.com.mx\/index.php\/product\/refrigerador-asko-r31831i\/","title":{"rendered":"REFRIGERADOR PANELABLE 11p3 ASKO R31831I"},"content":{"rendered":"<div class=\"flex-1 overflow-hidden\">\n<div class=\"react-scroll-to-bottom--css-clrzf-79elbk h-full\">\n<div class=\"react-scroll-to-bottom--css-clrzf-1n7m0yu\">\n<div class=\"flex flex-col pb-9 text-sm\">\n<div class=\"w-full text-token-text-primary\" data-testid=\"conversation-turn-119\">\n<div class=\"px-4 py-2 justify-center text-base md:gap-6 m-auto\">\n<div class=\"flex flex-1 text-base mx-auto gap-3 md:px-5 lg:px-1 xl:px-5 md:max-w-3xl lg:max-w-[40rem] xl:max-w-[48rem] group final-completion\">\n<div class=\"relative flex w-full flex-col lg:w-[calc(100%-115px)] agent-turn\">\n<div class=\"flex-col gap-1 md:gap-3\">\n<div class=\"flex flex-grow flex-col max-w-full\">\n<div class=\"min-h-[20px] text-message flex flex-col items-start gap-3 whitespace-pre-wrap break-words [.text-message+&amp;]:mt-5 overflow-x-auto\" data-message-author-role=\"assistant\" data-message-id=\"96d88b18-5014-48e5-a9f2-fa525b83881f\">\n<div class=\"markdown prose w-full break-words dark:prose-invert light\">\n<p>Descripci\u00f3n:<\/p>\n<p>Este tipo de refrigeradores es ideal para quienes buscan un electrodom\u00e9stico discreto que se integre bien en el dise\u00f1o de su cocina sin sacrificar rendimiento.<\/p>\n<\/div>\n<\/div>\n<\/div>\n<div class=\"mt-1 flex justify-start gap-3 empty:hidden\">\n<div class=\"text-gray-400 flex self-end lg:self-center justify-center lg:justify-start mt-0 -ml-1 visible\">\n<div class=\"flex items-center gap-1.5 text-xs\"><\/div>\n<\/div>\n<\/div>\n<\/div>\n<\/div>\n<\/div>\n<\/div>\n<\/div>\n<\/div>\n<\/div>\n<\/div>\n<\/div>\n","protected":false},"excerpt":{"rendered":"<p>Descripci\u00f3n: Este tipo de refrigeradores es ideal para quienes buscan un electrodom\u00e9stico discreto que se integre bien en el dise\u00f1o de su cocina sin sacrificar rendimiento.<\/p>\n","protected":false},"featured_media":10066,"template":"","meta":{"_joinchat":[]},"product_brand":[],"product_cat":[20,41],"product_tag":[77],"class_list":{"0":"post-10065","1":"product","2":"type-product","3":"status-publish","4":"has-post-thumbnail","6":"product_cat-refrigeracion","7":"product_cat-refrigeradores","8":"product_tag-asko","10":"first","11":"instock","12":"shipping-taxable","13":"product-type-simple"},"_links":{"self":[{"href":"https:\/\/eltiosam.com.mx\/index.php\/wp-json\/wp\/v2\/product\/10065","targetHints":{"allow":["GET"]}}],"collection":[{"href":"https:\/\/eltiosam.com.mx\/index.php\/wp-json\/wp\/v2\/product"}],"about":[{"href":"https:\/\/eltiosam.com.mx\/index.php\/wp-json\/wp\/v2\/types\/product"}],"wp:featuredmedia":[{"embeddable":true,"href":"https:\/\/eltiosam.com.mx\/index.php\/wp-json\/wp\/v2\/media\/10066"}],"wp:attachment":[{"href":"https:\/\/eltiosam.com.mx\/index.php\/wp-json\/wp\/v2\/media?parent=10065"}],"wp:term":[{"taxonomy":"product_brand","embeddable":true,"href":"https:\/\/eltiosam.com.mx\/index.php\/wp-json\/wp\/v2\/product_brand?post=10065"},{"taxonomy":"product_cat","embeddable":true,"href":"https:\/\/eltiosam.com.mx\/index.php\/wp-json\/wp\/v2\/product_cat?post=10065"},{"taxonomy":"product_tag","embeddable":true,"href":"https:\/\/eltiosam.com.mx\/index.php\/wp-json\/wp\/v2\/product_tag?post=10065"}],"curies":[{"name":"wp","href":"https:\/\/api.w.org\/{rel}","templated":true}]}}