{"id":10054,"date":"2024-09-06T00:53:23","date_gmt":"2024-09-06T00:53:23","guid":{"rendered":"https:\/\/eltiosam.com.mx\/?post_type=product&#038;p=10054"},"modified":"2024-09-18T02:36:23","modified_gmt":"2024-09-18T02:36:23","slug":"lavavajillas-panelable-asko-dfi565-u","status":"publish","type":"product","link":"https:\/\/eltiosam.com.mx\/index.php\/product\/lavavajillas-panelable-asko-dfi565-u\/","title":{"rendered":"LAVAVAJILLAS PANELABLE 16 SERVICIOS ASKO DFI565.U"},"content":{"rendered":"<p><strong>Descripci\u00f3n:<\/strong><\/p>\n<p>Este modelo de ASKO es una excelente opci\u00f3n si buscas un lavavajillas con dise\u00f1o integrado, eficiente y con m\u00faltiples funcionalidades que faciliten el lavado diario de la vajilla.<\/p>\n","protected":false},"excerpt":{"rendered":"<p>Descripci\u00f3n: Este modelo de ASKO es una excelente opci\u00f3n si buscas un lavavajillas con dise\u00f1o integrado, eficiente y con m\u00faltiples funcionalidades que faciliten el lavado diario de la vajilla.<\/p>\n","protected":false},"featured_media":10055,"template":"","meta":{"_joinchat":[]},"product_brand":[],"product_cat":[43],"product_tag":[77],"class_list":{"0":"post-10054","1":"product","2":"type-product","3":"status-publish","4":"has-post-thumbnail","6":"product_cat-lavavajillas","7":"product_tag-asko","9":"first","10":"instock","11":"shipping-taxable","12":"product-type-simple"},"_links":{"self":[{"href":"https:\/\/eltiosam.com.mx\/index.php\/wp-json\/wp\/v2\/product\/10054","targetHints":{"allow":["GET"]}}],"collection":[{"href":"https:\/\/eltiosam.com.mx\/index.php\/wp-json\/wp\/v2\/product"}],"about":[{"href":"https:\/\/eltiosam.com.mx\/index.php\/wp-json\/wp\/v2\/types\/product"}],"wp:featuredmedia":[{"embeddable":true,"href":"https:\/\/eltiosam.com.mx\/index.php\/wp-json\/wp\/v2\/media\/10055"}],"wp:attachment":[{"href":"https:\/\/eltiosam.com.mx\/index.php\/wp-json\/wp\/v2\/media?parent=10054"}],"wp:term":[{"taxonomy":"product_brand","embeddable":true,"href":"https:\/\/eltiosam.com.mx\/index.php\/wp-json\/wp\/v2\/product_brand?post=10054"},{"taxonomy":"product_cat","embeddable":true,"href":"https:\/\/eltiosam.com.mx\/index.php\/wp-json\/wp\/v2\/product_cat?post=10054"},{"taxonomy":"product_tag","embeddable":true,"href":"https:\/\/eltiosam.com.mx\/index.php\/wp-json\/wp\/v2\/product_tag?post=10054"}],"curies":[{"name":"wp","href":"https:\/\/api.w.org\/{rel}","templated":true}]}}