{"id":361,"date":"2023-10-04T21:15:29","date_gmt":"2023-10-04T21:15:29","guid":{"rendered":"http:\/\/eltiosam.com.mx\/?page_id=361"},"modified":"2025-07-14T20:04:48","modified_gmt":"2025-07-14T20:04:48","slug":"nosotros","status":"publish","type":"page","link":"https:\/\/eltiosam.com.mx\/index.php\/nosotros\/","title":{"rendered":"Nosotros"},"content":{"rendered":"\t\t<div data-elementor-type=\"wp-page\" data-elementor-id=\"361\" class=\"elementor elementor-361\" data-elementor-post-type=\"page\">\n\t\t\t\t<div class=\"elementor-element elementor-element-863ccc3 e-flex e-con-boxed e-con e-parent\" data-id=\"863ccc3\" data-element_type=\"container\" data-e-type=\"container\">\n\t\t\t\t\t<div class=\"e-con-inner\">\n\t\t\t\t<div class=\"elementor-element elementor-element-d5bdb30 elementor-widget elementor-widget-spacer\" data-id=\"d5bdb30\" data-element_type=\"widget\" data-e-type=\"widget\" data-widget_type=\"spacer.default\">\n\t\t\t\t<div class=\"elementor-widget-container\">\n\t\t\t\t\t\t\t<div class=\"elementor-spacer\">\n\t\t\t<div class=\"elementor-spacer-inner\"><\/div>\n\t\t<\/div>\n\t\t\t\t\t\t<\/div>\n\t\t\t\t<\/div>\n\t\t\t\t\t<\/div>\n\t\t\t\t<\/div>\n\t\t<div class=\"elementor-element elementor-element-371fa95d e-con-full e-flex e-con e-parent\" data-id=\"371fa95d\" data-element_type=\"container\" data-e-type=\"container\" data-settings=\"{&quot;background_background&quot;:&quot;classic&quot;}\">\n\t\t\t\t<div class=\"elementor-element elementor-element-24d07481 animated-slow elementor-invisible elementor-widget elementor-widget-heading\" data-id=\"24d07481\" data-element_type=\"widget\" data-e-type=\"widget\" data-settings=\"{&quot;_animation&quot;:&quot;slideInUp&quot;}\" data-widget_type=\"heading.default\">\n\t\t\t\t<div class=\"elementor-widget-container\">\n\t\t\t\t\t<h2 class=\"elementor-heading-title elementor-size-default\">Acerca de nosotros<\/h2>\t\t\t\t<\/div>\n\t\t\t\t<\/div>\n\t\t\t\t<div class=\"elementor-element elementor-element-70279ef5 animated-slow elementor-invisible elementor-widget elementor-widget-heading\" data-id=\"70279ef5\" data-element_type=\"widget\" data-e-type=\"widget\" data-settings=\"{&quot;_animation&quot;:&quot;slideInUp&quot;}\" data-widget_type=\"heading.default\">\n\t\t\t\t<div class=\"elementor-widget-container\">\n\t\t\t\t\t<h2 class=\"elementor-heading-title elementor-size-default\">El tio sam<\/h2>\t\t\t\t<\/div>\n\t\t\t\t<\/div>\n\t\t<div class=\"elementor-element elementor-element-53692ce4 e-con-full e-flex e-con e-child\" data-id=\"53692ce4\" data-element_type=\"container\" data-e-type=\"container\">\n\t\t<div class=\"elementor-element elementor-element-73e819dc animated-slow e-con-full e-flex elementor-invisible e-con e-child\" data-id=\"73e819dc\" data-element_type=\"container\" data-e-type=\"container\" data-settings=\"{&quot;background_background&quot;:&quot;classic&quot;,&quot;animation&quot;:&quot;fadeInUp&quot;,&quot;animation_delay&quot;:600}\">\n\t\t\t\t<div class=\"elementor-element elementor-element-347fa1d elementor-widget elementor-widget-image\" data-id=\"347fa1d\" data-element_type=\"widget\" data-e-type=\"widget\" data-widget_type=\"image.default\">\n\t\t\t\t<div class=\"elementor-widget-container\">\n\t\t\t\t\t\t\t\t\t\t\t\t\t\t\t<img fetchpriority=\"high\" decoding=\"async\" width=\"800\" height=\"800\" src=\"https:\/\/eltiosam.com.mx\/wp-content\/uploads\/2023\/10\/TioSamPerfil-01-1024x1024.png\" class=\"attachment-large size-large wp-image-146\" alt=\"\" srcset=\"https:\/\/eltiosam.com.mx\/wp-content\/uploads\/2023\/10\/TioSamPerfil-01-1024x1024.png 1024w, https:\/\/eltiosam.com.mx\/wp-content\/uploads\/2023\/10\/TioSamPerfil-01-300x300.png 300w, https:\/\/eltiosam.com.mx\/wp-content\/uploads\/2023\/10\/TioSamPerfil-01-150x150.png 150w, https:\/\/eltiosam.com.mx\/wp-content\/uploads\/2023\/10\/TioSamPerfil-01-768x768.png 768w, https:\/\/eltiosam.com.mx\/wp-content\/uploads\/2023\/10\/TioSamPerfil-01-600x600.png 600w, https:\/\/eltiosam.com.mx\/wp-content\/uploads\/2023\/10\/TioSamPerfil-01-100x100.png 100w, https:\/\/eltiosam.com.mx\/wp-content\/uploads\/2023\/10\/TioSamPerfil-01.png 1182w\" sizes=\"(max-width: 800px) 100vw, 800px\" \/>\t\t\t\t\t\t\t\t\t\t\t\t\t\t\t<\/div>\n\t\t\t\t<\/div>\n\t\t\t\t<\/div>\n\t\t<div class=\"elementor-element elementor-element-4f7f9565 e-con-full e-flex e-con e-child\" data-id=\"4f7f9565\" data-element_type=\"container\" data-e-type=\"container\">\n\t\t\t\t<div class=\"elementor-element elementor-element-12ec1d83 elementor-blockquote--skin-boxed elementor-blockquote--align-center elementor-widget elementor-widget-blockquote\" data-id=\"12ec1d83\" data-element_type=\"widget\" data-e-type=\"widget\" data-widget_type=\"blockquote.default\">\n\t\t\t\t<div class=\"elementor-widget-container\">\n\t\t\t\t\t\t\t<blockquote class=\"elementor-blockquote\">\n\t\t\t<p class=\"elementor-blockquote__content\">\n\t\t\t\tPrecio, calidad y servicio\t\t\t<\/p>\n\t\t\t\t\t<\/blockquote>\n\t\t\t\t\t\t<\/div>\n\t\t\t\t<\/div>\n\t\t\t\t<div class=\"elementor-element elementor-element-3fd5df56 elementor-widget elementor-widget-text-editor\" data-id=\"3fd5df56\" data-element_type=\"widget\" data-e-type=\"widget\" data-widget_type=\"text-editor.default\">\n\t\t\t\t<div class=\"elementor-widget-container\">\n\t\t\t\t\t\t\t\t\t<p><strong>Somos una empresa mexicana dedicada a la venta de l\u00ednea blanca.<\/strong><\/p>\n<p>Ofrecemos un amplio cat\u00e1logo de productos de la mayor calidad, con los mejores precios del mercado. Nos enfocamos siempre en brindar el mejor servicio a nuestros clientes, desde el momento de su compra, en la entrega de sus productos y en el servicio post-venta. <strong>Contamos con m\u00e1s de 30 a\u00f1os de experiencia<\/strong> que nos han llevado a ser una empresa l\u00edder en equipar los hogares y los proyectos de los mexicanos.<\/p>\t\t\t\t\t\t\t\t<\/div>\n\t\t\t\t<\/div>\n\t\t\t\t<div class=\"elementor-element elementor-element-d9c2138 elementor-widget elementor-widget-spacer\" data-id=\"d9c2138\" data-element_type=\"widget\" data-e-type=\"widget\" data-widget_type=\"spacer.default\">\n\t\t\t\t<div class=\"elementor-widget-container\">\n\t\t\t\t\t\t\t<div class=\"elementor-spacer\">\n\t\t\t<div class=\"elementor-spacer-inner\"><\/div>\n\t\t<\/div>\n\t\t\t\t\t\t<\/div>\n\t\t\t\t<\/div>\n\t\t\t\t<div class=\"elementor-element elementor-element-9327b26 elementor-invisible elementor-widget elementor-widget-heading\" data-id=\"9327b26\" data-element_type=\"widget\" data-e-type=\"widget\" data-settings=\"{&quot;_animation&quot;:&quot;fadeInDown&quot;}\" data-widget_type=\"heading.default\">\n\t\t\t\t<div class=\"elementor-widget-container\">\n\t\t\t\t\t<h2 class=\"elementor-heading-title elementor-size-default\">Conoce nuestras sucursales<\/h2>\t\t\t\t<\/div>\n\t\t\t\t<\/div>\n\t\t\t\t<div class=\"elementor-element elementor-element-6d7492a elementor-widget elementor-widget-spacer\" data-id=\"6d7492a\" data-element_type=\"widget\" data-e-type=\"widget\" data-widget_type=\"spacer.default\">\n\t\t\t\t<div class=\"elementor-widget-container\">\n\t\t\t\t\t\t\t<div class=\"elementor-spacer\">\n\t\t\t<div class=\"elementor-spacer-inner\"><\/div>\n\t\t<\/div>\n\t\t\t\t\t\t<\/div>\n\t\t\t\t<\/div>\n\t\t\t\t<div class=\"elementor-element elementor-element-dc09046 elementor-align-center elementor-widget elementor-widget-button\" data-id=\"dc09046\" data-element_type=\"widget\" data-e-type=\"widget\" data-widget_type=\"button.default\">\n\t\t\t\t<div class=\"elementor-widget-container\">\n\t\t\t\t\t\t\t\t\t<div class=\"elementor-button-wrapper\">\n\t\t\t\t\t<a class=\"elementor-button elementor-button-link elementor-size-sm elementor-animation-grow\" href=\"#\">\n\t\t\t\t\t\t<span class=\"elementor-button-content-wrapper\">\n\t\t\t\t\t\t\t\t\t<span class=\"elementor-button-text\">Ir a sucursales<\/span>\n\t\t\t\t\t<\/span>\n\t\t\t\t\t<\/a>\n\t\t\t\t<\/div>\n\t\t\t\t\t\t\t\t<\/div>\n\t\t\t\t<\/div>\n\t\t\t\t<\/div>\n\t\t\t\t<\/div>\n\t\t\t\t<\/div>\n\t\t<div class=\"elementor-element elementor-element-8e3f11f e-flex e-con-boxed e-con e-parent\" data-id=\"8e3f11f\" data-element_type=\"container\" data-e-type=\"container\">\n\t\t\t\t\t<div class=\"e-con-inner\">\n\t\t\t\t<div class=\"elementor-element elementor-element-67353a7 elementor-widget elementor-widget-spacer\" data-id=\"67353a7\" data-element_type=\"widget\" data-e-type=\"widget\" data-widget_type=\"spacer.default\">\n\t\t\t\t<div class=\"elementor-widget-container\">\n\t\t\t\t\t\t\t<div class=\"elementor-spacer\">\n\t\t\t<div class=\"elementor-spacer-inner\"><\/div>\n\t\t<\/div>\n\t\t\t\t\t\t<\/div>\n\t\t\t\t<\/div>\n\t\t\t\t\t<\/div>\n\t\t\t\t<\/div>\n\t\t<div class=\"elementor-element elementor-element-c4a5626 e-con-full e-flex e-con e-parent\" data-id=\"c4a5626\" data-element_type=\"container\" data-e-type=\"container\">\n\t\t<div class=\"elementor-element elementor-element-5f0aaef e-con-full e-flex e-con e-child\" data-id=\"5f0aaef\" data-element_type=\"container\" data-e-type=\"container\">\n\t\t\t\t<div class=\"elementor-element elementor-element-5dcb3be elementor-widget elementor-widget-text-editor\" data-id=\"5dcb3be\" data-element_type=\"widget\" data-e-type=\"widget\" data-widget_type=\"text-editor.default\">\n\t\t\t\t<div class=\"elementor-widget-container\">\n\t\t\t\t\t\t\t\t\t<div id=\"shopify-section-page-faq-template\" class=\"shopify-section\"><div class=\"container container--narrow\"><header class=\"page__header page__header--stack page__header--centered\"><div class=\"page__description rte\"><div><p>Para nosotros cada venta es un compromiso y a trav\u00e9s de nuestras tiendas, en la zona metropolitana de <strong>Guadalajara y Chapala<\/strong>, procuramos refrendar el servicio que nos ha distinguido con la preferencia de gente que busca la mejor calidad en marcas prestigiadas a los mejores precios. Hoy en d\u00eda no solo contamos con la preferencia del mercado dom\u00e9stico, sino que adem\u00e1s <strong>hemos logrado ganarnos la confianza del<\/strong> <strong>mercado profesional de decoradores, constructores, arquitectos, cocineros y desarrolladores de vivienda<\/strong>, participando en los proyectos m\u00e1s modernos e innovadores del Pa\u00eds.<\/p><\/div><\/div><\/header><\/div><\/div>\t\t\t\t\t\t\t\t<\/div>\n\t\t\t\t<\/div>\n\t\t\t\t<div class=\"elementor-element elementor-element-d4f3933 elementor-align-center elementor-widget elementor-widget-button\" data-id=\"d4f3933\" data-element_type=\"widget\" data-e-type=\"widget\" data-widget_type=\"button.default\">\n\t\t\t\t<div class=\"elementor-widget-container\">\n\t\t\t\t\t\t\t\t\t<div class=\"elementor-button-wrapper\">\n\t\t\t\t\t<a class=\"elementor-button elementor-button-link elementor-size-sm elementor-animation-grow\" href=\"https:\/\/eltiosam.com.mx\/index.php\/shop\/\">\n\t\t\t\t\t\t<span class=\"elementor-button-content-wrapper\">\n\t\t\t\t\t\t\t\t\t<span class=\"elementor-button-text\">Conoce nuestros productos<\/span>\n\t\t\t\t\t<\/span>\n\t\t\t\t\t<\/a>\n\t\t\t\t<\/div>\n\t\t\t\t\t\t\t\t<\/div>\n\t\t\t\t<\/div>\n\t\t\t\t<\/div>\n\t\t<div class=\"elementor-element elementor-element-e798af4 e-con-full e-flex e-con e-child\" data-id=\"e798af4\" data-element_type=\"container\" data-e-type=\"container\">\n\t\t\t\t<div class=\"elementor-element elementor-element-d8b6f6f elementor-widget elementor-widget-image\" data-id=\"d8b6f6f\" data-element_type=\"widget\" data-e-type=\"widget\" data-widget_type=\"image.default\">\n\t\t\t\t<div class=\"elementor-widget-container\">\n\t\t\t\t\t\t\t\t\t\t\t\t\t\t\t<img decoding=\"async\" width=\"800\" height=\"600\" src=\"https:\/\/eltiosam.com.mx\/wp-content\/uploads\/2023\/11\/2020-04-30-1024x768.jpg\" class=\"attachment-large size-large wp-image-1103\" alt=\"\" srcset=\"https:\/\/eltiosam.com.mx\/wp-content\/uploads\/2023\/11\/2020-04-30-1024x768.jpg 1024w, https:\/\/eltiosam.com.mx\/wp-content\/uploads\/2023\/11\/2020-04-30-300x225.jpg 300w, https:\/\/eltiosam.com.mx\/wp-content\/uploads\/2023\/11\/2020-04-30-768x576.jpg 768w, https:\/\/eltiosam.com.mx\/wp-content\/uploads\/2023\/11\/2020-04-30-600x450.jpg 600w, https:\/\/eltiosam.com.mx\/wp-content\/uploads\/2023\/11\/2020-04-30.jpg 1360w\" sizes=\"(max-width: 800px) 100vw, 800px\" \/>\t\t\t\t\t\t\t\t\t\t\t\t\t\t\t<\/div>\n\t\t\t\t<\/div>\n\t\t\t\t<\/div>\n\t\t\t\t<\/div>\n\t\t<div class=\"elementor-element elementor-element-696d83a e-flex e-con-boxed e-con e-parent\" data-id=\"696d83a\" data-element_type=\"container\" data-e-type=\"container\">\n\t\t\t\t\t<div class=\"e-con-inner\">\n\t\t\t\t\t<\/div>\n\t\t\t\t<\/div>\n\t\t<div class=\"elementor-element elementor-element-76dede8 e-flex e-con-boxed e-con e-parent\" data-id=\"76dede8\" data-element_type=\"container\" data-e-type=\"container\">\n\t\t\t\t\t<div class=\"e-con-inner\">\n\t\t\t\t<div class=\"elementor-element elementor-element-348433e elementor-widget elementor-widget-spacer\" data-id=\"348433e\" data-element_type=\"widget\" data-e-type=\"widget\" data-widget_type=\"spacer.default\">\n\t\t\t\t<div class=\"elementor-widget-container\">\n\t\t\t\t\t\t\t<div class=\"elementor-spacer\">\n\t\t\t<div class=\"elementor-spacer-inner\"><\/div>\n\t\t<\/div>\n\t\t\t\t\t\t<\/div>\n\t\t\t\t<\/div>\n\t\t\t\t\t<\/div>\n\t\t\t\t<\/div>\n\t\t<div class=\"elementor-element elementor-element-c7d7da3 e-flex e-con-boxed e-con e-parent\" data-id=\"c7d7da3\" data-element_type=\"container\" data-e-type=\"container\">\n\t\t\t\t\t<div class=\"e-con-inner\">\n\t\t\t\t<div class=\"elementor-element elementor-element-b0e113d elementor-widget elementor-widget-spacer\" data-id=\"b0e113d\" data-element_type=\"widget\" data-e-type=\"widget\" data-widget_type=\"spacer.default\">\n\t\t\t\t<div class=\"elementor-widget-container\">\n\t\t\t\t\t\t\t<div class=\"elementor-spacer\">\n\t\t\t<div class=\"elementor-spacer-inner\"><\/div>\n\t\t<\/div>\n\t\t\t\t\t\t<\/div>\n\t\t\t\t<\/div>\n\t\t\t\t\t<\/div>\n\t\t\t\t<\/div>\n\t\t\t\t<\/div>\n\t\t","protected":false},"excerpt":{"rendered":"<p>Acerca de nosotros El tio sam Precio, calidad y servicio Somos una empresa mexicana dedicada a la venta de l\u00ednea blanca. Ofrecemos un amplio cat\u00e1logo de productos de la mayor calidad, con los mejores precios del mercado. Nos enfocamos siempre en brindar el mejor servicio a nuestros clientes, desde el momento de su compra, en [&hellip;]<\/p>\n","protected":false},"author":5,"featured_media":0,"parent":0,"menu_order":0,"comment_status":"closed","ping_status":"closed","template":"","meta":{"_joinchat":[],"footnotes":""},"class_list":["post-361","page","type-page","status-publish","hentry"],"_links":{"self":[{"href":"https:\/\/eltiosam.com.mx\/index.php\/wp-json\/wp\/v2\/pages\/361","targetHints":{"allow":["GET"]}}],"collection":[{"href":"https:\/\/eltiosam.com.mx\/index.php\/wp-json\/wp\/v2\/pages"}],"about":[{"href":"https:\/\/eltiosam.com.mx\/index.php\/wp-json\/wp\/v2\/types\/page"}],"author":[{"embeddable":true,"href":"https:\/\/eltiosam.com.mx\/index.php\/wp-json\/wp\/v2\/users\/5"}],"replies":[{"embeddable":true,"href":"https:\/\/eltiosam.com.mx\/index.php\/wp-json\/wp\/v2\/comments?post=361"}],"version-history":[{"count":163,"href":"https:\/\/eltiosam.com.mx\/index.php\/wp-json\/wp\/v2\/pages\/361\/revisions"}],"predecessor-version":[{"id":11782,"href":"https:\/\/eltiosam.com.mx\/index.php\/wp-json\/wp\/v2\/pages\/361\/revisions\/11782"}],"wp:attachment":[{"href":"https:\/\/eltiosam.com.mx\/index.php\/wp-json\/wp\/v2\/media?parent=361"}],"curies":[{"name":"wp","href":"https:\/\/api.w.org\/{rel}","templated":true}]}}