{"id":3,"date":"2023-09-27T16:55:02","date_gmt":"2023-09-27T16:55:02","guid":{"rendered":"http:\/\/eltiosam.com.mx\/?page_id=3"},"modified":"2024-10-30T20:49:23","modified_gmt":"2024-10-30T20:49:23","slug":"privacy-policy","status":"publish","type":"page","link":"https:\/\/eltiosam.com.mx\/index.php\/privacy-policy\/","title":{"rendered":"Privacy Policy"},"content":{"rendered":"\t\t<div data-elementor-type=\"wp-page\" data-elementor-id=\"3\" class=\"elementor elementor-3\" data-elementor-post-type=\"page\">\n\t\t\t\t<div class=\"elementor-element elementor-element-1acd2a03 e-flex e-con-boxed e-con e-parent\" data-id=\"1acd2a03\" data-element_type=\"container\" data-e-type=\"container\">\n\t\t\t\t\t<div class=\"e-con-inner\">\n\t\t\t\t<div class=\"elementor-element elementor-element-290fca9e elementor-widget elementor-widget-text-editor\" data-id=\"290fca9e\" data-element_type=\"widget\" data-e-type=\"widget\" data-widget_type=\"text-editor.default\">\n\t\t\t\t<div class=\"elementor-widget-container\">\n\t\t\t\t\t\t\t\t\t<p><strong><u>Aviso de Privacidad Integral<\/u><\/strong><\/p><p><strong>IMPORTADORA Y EXPORTADORA EL TIO SAM, S.A. DE C.V.\u00a0(<\/strong>en lo sucesivo<strong>\u00a0\u201cEL TIO SAM\u201d),\u00a0<\/strong>con domicilio fiscal en:\u00a0<strong>Avenida Ni\u00f1os H\u00e9roes #1555 interior 1, Colonia Moderna, Guadalajara, Jalisco, C.P. 44190,\u00a0<\/strong>es el responsable del uso y protecci\u00f3n de sus datos personales; ya que EL TIO SAM es una empresa comprometida con el tratamiento leg\u00edtimo, controlado e informado de los datos personales,\u00a0nos\u00a0preocupamos por establecer y mantener en vigor controles, medidas y procedimientos que nos permitan proteger los datos de todas las personas f\u00edsicas, que interact\u00faan con nosotros en cumplimiento a lo dispuesto en la Ley Federal de Protecci\u00f3n de Datos Personales en Posesi\u00f3n de los Particulares (&#8220;LFPDPPP&#8221;), su Reglamento y los lineamientos y est\u00e1ndares nacionales e internacionales en materia de Protecci\u00f3n de Datos Personales.\u00a0<\/p><p>En cumplimiento a los principios de licitud, consentimiento, informaci\u00f3n, calidad, finalidad, lealtad, proporcionalidad y responsabilidad, ponemos a su disposici\u00f3n el presente Aviso de Privacidad, que comprende todas las actividades de\u00a0<strong>EL TIO SAM.<\/strong><\/p><ol><li><strong>Datos personales que trataremos.<\/strong><\/li><\/ol><p>Los datos que le solicitaremos, recabaremos o generaremos a lo largo de nuestra relaci\u00f3n jur\u00eddica son los siguientes:<\/p><p><strong>a)\u00a0<\/strong><strong><em><u>Datos de identificaci\u00f3n<\/u><\/em>:\u00a0<\/strong>informaci\u00f3n que permite diferenciarlo de otros individuos.<\/p><ul><li>Nombre completo<\/li><li>Edad<\/li><li>Clave de Elector<\/li><li>INE<\/li><li>CURP<\/li><li>Licencia de manejo<\/li><li>Estado Civil<\/li><li>Acta de nacimiento<\/li><li>Calidad migratoria<\/li><li>G\u00e9nero<\/li><li>Historial laboral<\/li><li>Historial acad\u00e9mico<\/li><\/ul><p><strong>b)\u00a0<\/strong><strong><em><u>Datos de contacto<\/u><\/em>:\u00a0<\/strong>informaci\u00f3n que nos permite mantenernos en contacto con usted para proporcionarle nuestros servicios o llevar a cabo las obligaciones relacionadas a nuestra relaci\u00f3n jur\u00eddica.<\/p><ul><li>Domicilio<\/li><li>Correo electr\u00f3nico<\/li><li>Tel\u00e9fono celular y fijo\u00a0<\/li><\/ul><p><strong>c)\u00a0<\/strong><strong><em><u>Datos financieros:<\/u><\/em><\/strong>\u00a0<\/p><ul><li>RFC<\/li><li>N\u00famero de Cuenta de Banco y nombre del banco<\/li><li>Ingresos y egresos econ\u00f3micos<\/li><li>N\u00famero de AFORE<\/li><li>N\u00famero de Seguridad Social<\/li><li>N\u00famero de Cr\u00e9dito INFONAVIT<\/li><\/ul><p><strong>d)<em>\u00a0<u>Datos sensibles:<\/u><\/em><\/strong><\/p><p>\u00a0\u00a0\u00a0\u00a0\u00a0\u00a0\u00a0\u00a0\u00a0\u00a0\u00a0\u00a0\u00a0\u00a0\u00a0\u00a0 .\u00a0\u00a0\u00a0\u00a0\u00a0\u00a0\u00a0\u00a0 Datos Biom\u00e9tricos (Huella dactilar y Reconocimiento de Rostro)<\/p><p>\u00a0* Para el tratamiento de sus datos sensibles, patrimoniales y financieros, resulta necesario que otorgue su consentimiento expreso, toda vez que dicha informaci\u00f3n se clasifica como sensible, seg\u00fan lo estipulado en la Ley Federal de Protecci\u00f3n de Datos Personales en Posesi\u00f3n de Particulares, su Reglamento, Lineamientos y dem\u00e1s normas vigentes, por lo que recabaremos su consentimiento expreso y por escrito.<\/p><p><strong>e)\u00a0<\/strong><strong><em><u>Datos de terceros<\/u><\/em><\/strong><em><u>:<\/u><\/em><\/p><ul><li>Nombre de beneficiarios<\/li><li>Nombre de dependientes econ\u00f3micos<\/li><li>Nombre de familiares<\/li><\/ul><p>* Respecto de los datos personales que nos proporcione de terceros, usted declara bajo protesta de decir verdad que cuenta con la autorizaci\u00f3n expresa para compartirlos con\u00a0<strong>EL TIO SAM.<\/strong>\u00a0<\/p><ol start=\"2\"><li><strong>Finalidades para el trato de sus datos personales<\/strong><\/li><\/ol><p>EL TIO SAM, al solicitarle datos personales por proveerle nuestros servicios, establecer alguna relaci\u00f3n jur\u00eddica o contractual, utilizar\u00e1 sus datos personales para las siguientes finalidades:<\/p><p><strong><em><u>&#8211; Finalidades primarias:<\/u><\/em><\/strong><\/p><ol><li>Para los procesos de recursos humanos, incluyendo reclutamiento, evaluaci\u00f3n, entrevista, an\u00e1lisis, contrataci\u00f3n de candidatos, expediente laboral y control de asistencia.<\/li><li>Para los procesos comerciales, administrativos, legales y de seguridad.<\/li><li>Prestaci\u00f3n de los servicios, creaciones y confirmaciones de citas<\/li><li>Alta de clientes<\/li><li>Alta de proveedores<\/li><li>Atenci\u00f3n al cliente<\/li><li>Servicios postventa<\/li><li>Elaborar documentos relacionados con la relaci\u00f3n comercial, tales como contratos, convenios, recibos, etc.<\/li><li>Facturaci\u00f3n<\/li><li>Cobranza<\/li><li>Historial Crediticio<\/li><li>Responder a sus requerimientos de informaci\u00f3n, atenci\u00f3n, servicio y dar atenci\u00f3n a las solicitudes de derechos ARCO<\/li><li>Consultarle sobre las personas que lo se\u00f1alaron como referencia<\/li><li>Por seguridad, para vigilar las actividades dentro de nuestras instalaciones<\/li><\/ol><p><strong>&#8211;\u00a0<em><u>Finalidades secundarias:<\/u><\/em><\/strong><\/p><ul><li>Publicidad<\/li><\/ul><ol start=\"3\"><li><strong>Uso de Cookies<\/strong><\/li><\/ol><p>Las Cookies son archivos de datos que se almacenan en el disco duro del equipo de c\u00f3mputo o del dispositivo de comunicaciones electr\u00f3nicas de un usuario al navegar en un sitio de internet especifico, el cual permite intercambiar informaci\u00f3n de estado entre dicho sitio y el navegador del usuario. La informaci\u00f3n de estado puede revelar medios de identificaci\u00f3n de sesi\u00f3n, autenticaci\u00f3n o preferencias del usuario, as\u00ed como cualquier dato almacenado por el navegador respecto al sitio de internet. Dichas Cookies mejoran la facilidad de navegaci\u00f3n en nuestro sitio web\u00a0<a href=\"http:\/\/www.eltiosam.com\/\" target=\"_blank\" rel=\"noopener\">www.eltiosam.com<\/a>.mx, cuando su navegador de internet visita una p\u00e1gina web, se genera una cookie con un n\u00famero \u00fanico y an\u00f3nimo para reconocer a su navegador, el cual se almacena en el directorio de cookies de su disco duro. Las cookies pueden ser permanentes (se conservan en su computadora hasta que se eliminen) o temporales (s\u00f3lo duran hasta que el usuario cierre su navegador o por un per\u00edodo limitado).<\/p><p>La informaci\u00f3n que EL TIO SAM recaba a trav\u00e9s de las cookies es an\u00f3nima, de tal forma que no identifica personalmente a los usuarios, ya que \u00fanicamente identifica a sus equipos de c\u00f3mputo.<\/p><p>Si usted prefiere deshabilitar las cookies completamente, lo puede hacer en la mayor\u00eda de los exploradores de internet. Tenga en cuenta que este sitio puede dejar de funcionar correctamente al hacerlo.<\/p><ol start=\"4\"><li><strong>Transferencias de datos personales<\/strong><\/li><\/ol><p>EL TIO SAM no realiza transferencias a terceros de sus datos personales, salvo aquellas que est\u00e1n expresamente permitidas por Ley y exceptuadas del consentimiento del titular, por ejemplo: requerimientos de autoridades competentes, en cumplimiento de una Ley o Tratado Internacional, o por motivo de una relaci\u00f3n contractual para llevar a cabo las obligaciones de la misma. En dichos casos siempre nos aseguraremos de que las personas que traten sus datos personales lo hagan de conformidad con nuestro Aviso de Privacidad y en cumplimiento de las disposiciones jur\u00eddicas correspondientes, as\u00ed como si no est\u00e1 de acuerdo m\u00e1s adelante le indicamos los medios y procedimientos con los cuales podr\u00e1 revocar su consentimiento.<\/p><ol start=\"5\"><li><strong>Ejercicio de sus Derechos ARCO<\/strong><\/li><\/ol><p>Usted y cualquier tercero, tiene en todo momento el derecho de solicitar a EL TIO SAM, el acceso a sus datos personales y\/o la rectificaci\u00f3n de los mismos; asimismo, usted podr\u00e1 solicitar que sus datos sean cancelados, oponerse a que EL TIO SAM trate dichos datos para fines espec\u00edficos y\/o revocar el consentimiento que previamente nos haya otorgado para tratar sus datos para alg\u00fan fin espec\u00edfico; por favor considere que sus Derechos ARCO est\u00e1n sujetos a las limitaciones que establecen las leyes.<\/p><p>Por lo anterior, cualquier solicitud de acceso, rectificaci\u00f3n, cancelaci\u00f3n u oposici\u00f3n, as\u00ed como cualquier aclaraci\u00f3n, actualizaci\u00f3n de sus datos personales, solicitud para limitar su uso y divulgaci\u00f3n o revocaci\u00f3n de su consentimiento deber\u00e1 ser dirigida a la direcci\u00f3n general a la direcci\u00f3n\u00a0<a href=\"mailto:contabilidadeltiosam@telmexmail.com\" target=\"_blank\" rel=\"noopener\">contabilidadeltiosam@telmexmail.com<\/a>\u00a0con atenci\u00f3n a Karina Patricia Gonz\u00e1lez Ibarra.<\/p><p>Su solicitud de derechos ARCO deber\u00e1 contener:<\/p><ul><li>Nombre completo<\/li><li>Copia simple o copia digital de identificaci\u00f3n oficial para acreditar la identidad. (INE, pasaporte, c\u00e9dula profesional)<\/li><li>Representaci\u00f3n: En caso de actuar en representaci\u00f3n de un menor, se deber\u00e1 presentar acta de nacimiento o documento oficial donde se acredite la personalidad del padre o tutor; en caso de actuar en representaci\u00f3n de un tercero mayor de edad, deber\u00e1 adjuntar el poder donde se acrediten sus facultades para actuar en representaci\u00f3n del mismo.<\/li><li>Descripci\u00f3n breve de lo que solicita, ya sea el acceso a sus datos, rectificaci\u00f3n o cancelaci\u00f3n de los mismos, oposici\u00f3n al tratamiento o algunas finalidades del tratamiento o revocaci\u00f3n del consentimiento.<\/li><li>En caso de rectificaci\u00f3n, anexar copia de justificativo que acredite el dato que usted busque rectificar.<\/li><\/ul><p>El plazo de respuesta ser\u00e1 de 20 d\u00edas h\u00e1biles, siendo estos contados de conformidad con el ACUERDO mediante el cual se establece el calendario oficial de d\u00edas inh\u00e1biles del INAI del a\u00f1o correspondiente.<\/p><p>En caso de no estar conforme con la respuesta que le otorguemos o en ausencia de esta, usted cuenta con un plazo de quince d\u00edas h\u00e1biles para acudir al Instituto Nacional de Transparencia, Acceso a la Informaci\u00f3n y Protecci\u00f3n de Datos Personales y solicitar el procedimiento de protecci\u00f3n de derechos.<\/p><ol start=\"6\"><li><strong>Medidas de protecci\u00f3n<\/strong><\/li><\/ol><p>EL TIO SAM hace de su conocimiento que, como parte de su preocupaci\u00f3n en cuanto al tratamiento y cuidado de la informaci\u00f3n personal, mantiene diversos mecanismos, procedimientos y medidas de seguridad tanto administrativas, t\u00e9cnicas y f\u00edsicas, tendientes a lograr la protecci\u00f3n de dicha informaci\u00f3n contra cualquier da\u00f1o, p\u00e9rdida, alteraci\u00f3n, destrucci\u00f3n o uso no autorizado. Asimismo, nos aseguramos de que nuestros Encargados tambi\u00e9n incorporen medidas de seguridad para proteger sus datos personales.<\/p><ol start=\"7\"><li><strong>\u00a0\u00a0\u00a0Medios para limitar el uso o divulgaci\u00f3n de los datos<\/strong><\/li><\/ol><p>Existen procedimientos paralelos a los Derechos ARCO, los cuales pueden solicitarse ante el Registro P\u00fablico de Consumidores previsto en los art\u00edculos 18 y 18 bis de la Ley Federal de Protecci\u00f3n al Consumidor, el cual sirve para evitar que su informaci\u00f3n sea utilizada para fines de mercadotecnia o publicitarios. Los consumidores podr\u00e1n comunicar por escrito o por correo electr\u00f3nico a la Procuradur\u00eda Federal del Consumidor su solicitud de inscripci\u00f3n en dicho registro, el cual es gratuito.<\/p><ol start=\"8\"><li><strong>Revocaci\u00f3n del consentimiento<\/strong><\/li><\/ol><p>En cualquier momento, el titular de los datos personales podr\u00e1 revocar su consentimiento para el tratamiento de los datos personales, para ello es necesario que usted presente una solicitud de revocaci\u00f3n v\u00eda correo electr\u00f3nico a nuestra direcci\u00f3n, as\u00ed como tambi\u00e9n los documentos necesarios que acrediten su personalidad como titular. EL TIO SAM dar\u00e1 revisi\u00f3n a la solicitud y a los documentos que adjunte para verificar si su solicitud de revocaci\u00f3n procede y en un m\u00e1ximo de veinte d\u00edas h\u00e1biles dar\u00e1 su resoluci\u00f3n por la misma v\u00eda.<\/p><ol start=\"9\"><li><strong>Modificaciones al Aviso de Privacidad<\/strong><\/li><\/ol><p>EL TIO SAM se reserva<strong>\u00a0<\/strong>el derecho de efectuar en cualquier momento modificaciones o actualizaciones al presente Aviso de Privacidad. El aviso modificado ser\u00e1 publicado en nuestra p\u00e1gina web\u00a0<a href=\"http:\/\/www.eltiosam.com.mx\/\">www.eltiosam.com.mx<\/a>\u00a0o se le har\u00e1 llegar a trav\u00e9s de correo electr\u00f3nico si as\u00ed lo solicita.<\/p><p>\u00a0<strong><u>Fecha de \u00faltima actualizaci\u00f3n: 30 de octubre de 2024.<\/u><\/strong><\/p>\t\t\t\t\t\t\t\t<\/div>\n\t\t\t\t<\/div>\n\t\t\t\t\t<\/div>\n\t\t\t\t<\/div>\n\t\t\t\t<\/div>\n\t\t","protected":false},"excerpt":{"rendered":"<p>Aviso de Privacidad Integral IMPORTADORA Y EXPORTADORA EL TIO SAM, S.A. DE C.V.\u00a0(en lo sucesivo\u00a0\u201cEL TIO SAM\u201d),\u00a0con domicilio fiscal en:\u00a0Avenida Ni\u00f1os H\u00e9roes #1555 interior 1, Colonia Moderna, Guadalajara, Jalisco, C.P. 44190,\u00a0es el responsable del uso y protecci\u00f3n de sus datos personales; ya que EL TIO SAM es una empresa comprometida con el tratamiento leg\u00edtimo, controlado [&hellip;]<\/p>\n","protected":false},"author":5,"featured_media":0,"parent":0,"menu_order":0,"comment_status":"closed","ping_status":"open","template":"","meta":{"_joinchat":[],"footnotes":""},"class_list":["post-3","page","type-page","status-publish","hentry"],"_links":{"self":[{"href":"https:\/\/eltiosam.com.mx\/index.php\/wp-json\/wp\/v2\/pages\/3","targetHints":{"allow":["GET"]}}],"collection":[{"href":"https:\/\/eltiosam.com.mx\/index.php\/wp-json\/wp\/v2\/pages"}],"about":[{"href":"https:\/\/eltiosam.com.mx\/index.php\/wp-json\/wp\/v2\/types\/page"}],"author":[{"embeddable":true,"href":"https:\/\/eltiosam.com.mx\/index.php\/wp-json\/wp\/v2\/users\/5"}],"replies":[{"embeddable":true,"href":"https:\/\/eltiosam.com.mx\/index.php\/wp-json\/wp\/v2\/comments?post=3"}],"version-history":[{"count":7,"href":"https:\/\/eltiosam.com.mx\/index.php\/wp-json\/wp\/v2\/pages\/3\/revisions"}],"predecessor-version":[{"id":10975,"href":"https:\/\/eltiosam.com.mx\/index.php\/wp-json\/wp\/v2\/pages\/3\/revisions\/10975"}],"wp:attachment":[{"href":"https:\/\/eltiosam.com.mx\/index.php\/wp-json\/wp\/v2\/media?parent=3"}],"curies":[{"name":"wp","href":"https:\/\/api.w.org\/{rel}","templated":true}]}}